
{"id":101,"date":"2022-01-25T14:45:50","date_gmt":"2022-01-25T14:45:50","guid":{"rendered":"https:\/\/www.lafraguadedavid.com\/?page_id=101"},"modified":"2022-02-15T17:28:09","modified_gmt":"2022-02-15T17:28:09","slug":"estructuras-metalicas-cerrajeria-y-mantenimiento","status":"publish","type":"page","link":"https:\/\/www.lafraguadedavid.com\/index.php\/estructuras-metalicas-cerrajeria-y-mantenimiento\/","title":{"rendered":"ESTRUCTURAS MET\u00c1LICAS, CERRAJERIA Y MANTENIMIENTO"},"content":{"rendered":"\n<h1 class=\"has-text-align-center\"><span class=\"has-inline-color has-palette-color-5-color\">ESTRUCTURAS MET\u00c1LICAS, CERRAJERIA Y MANTENIMIENTO<\/span><\/h1>\n\n\n\n<h2 class=\"has-text-align-center\"><span class=\"has-inline-color has-palette-color-5-color\">ESTRUCTURAS MET\u00c1LICAS<\/span><\/h2>\n\n\n\n<p class=\"justificar2\">Realizamos cualquier tipo de estructura met\u00e1lica de vivienda, edificio o nave, pudiendo ser mixta o combinada. A su vez, realizamos cubiertas y revestimientos en chapa con toda la gama de lacados y aislamientos.<\/p>\n\n\n<div class=\"rl-gallery-container rl-loading\" id=\"rl-gallery-container-1\" data-gallery_id=\"503\"> <div class=\"rl-gallery rl-basicgrid-gallery \" id=\"rl-gallery-1\" data-gallery_no=\"1\"> <div class=\"rl-gallery-item\"><a href=\"https:\/\/www.lafraguadedavid.com\/wp-content\/uploads\/2022\/02\/PICT0102.jpg\" title=\"\" data-rl_title=\"\" class=\"rl-gallery-link\" data-rl_caption=\"\" data-rel=\"lightbox-gallery-1\"><img src=\"https:\/\/www.lafraguadedavid.com\/wp-content\/uploads\/2022\/02\/PICT0102-300x225.jpg\" width=\"300\" height=\"225\" \/><\/a><\/div><div class=\"rl-gallery-item\"><a href=\"https:\/\/www.lafraguadedavid.com\/wp-content\/uploads\/2022\/02\/PICT0103.jpg\" title=\"\" data-rl_title=\"\" class=\"rl-gallery-link\" data-rl_caption=\"\" data-rel=\"lightbox-gallery-1\"><img src=\"https:\/\/www.lafraguadedavid.com\/wp-content\/uploads\/2022\/02\/PICT0103-300x225.jpg\" width=\"300\" height=\"225\" \/><\/a><\/div><div class=\"rl-gallery-item\"><a href=\"https:\/\/www.lafraguadedavid.com\/wp-content\/uploads\/2022\/02\/PICT0101.jpg\" title=\"\" data-rl_title=\"\" class=\"rl-gallery-link\" data-rl_caption=\"\" data-rel=\"lightbox-gallery-1\"><img src=\"https:\/\/www.lafraguadedavid.com\/wp-content\/uploads\/2022\/02\/PICT0101-300x225.jpg\" width=\"300\" height=\"225\" \/><\/a><\/div><div class=\"rl-gallery-item\"><a href=\"https:\/\/www.lafraguadedavid.com\/wp-content\/uploads\/2022\/02\/PICT0100.jpg\" title=\"\" data-rl_title=\"\" class=\"rl-gallery-link\" data-rl_caption=\"\" data-rel=\"lightbox-gallery-1\"><img src=\"https:\/\/www.lafraguadedavid.com\/wp-content\/uploads\/2022\/02\/PICT0100-300x225.jpg\" width=\"300\" height=\"225\" \/><\/a><\/div><div class=\"rl-gallery-item\"><a href=\"https:\/\/www.lafraguadedavid.com\/wp-content\/uploads\/2022\/02\/PICT0099.jpg\" title=\"\" data-rl_title=\"\" class=\"rl-gallery-link\" data-rl_caption=\"\" data-rel=\"lightbox-gallery-1\"><img src=\"https:\/\/www.lafraguadedavid.com\/wp-content\/uploads\/2022\/02\/PICT0099-300x225.jpg\" width=\"300\" height=\"225\" \/><\/a><\/div><div class=\"rl-gallery-item\"><a href=\"https:\/\/www.lafraguadedavid.com\/wp-content\/uploads\/2022\/02\/PICT0098.jpg\" title=\"\" data-rl_title=\"\" class=\"rl-gallery-link\" data-rl_caption=\"\" data-rel=\"lightbox-gallery-1\"><img src=\"https:\/\/www.lafraguadedavid.com\/wp-content\/uploads\/2022\/02\/PICT0098-300x225.jpg\" width=\"300\" height=\"225\" \/><\/a><\/div><div class=\"rl-gallery-item\"><a href=\"https:\/\/www.lafraguadedavid.com\/wp-content\/uploads\/2022\/02\/PICT0097.jpg\" title=\"\" data-rl_title=\"\" class=\"rl-gallery-link\" data-rl_caption=\"\" data-rel=\"lightbox-gallery-1\"><img src=\"https:\/\/www.lafraguadedavid.com\/wp-content\/uploads\/2022\/02\/PICT0097-300x225.jpg\" width=\"300\" height=\"225\" \/><\/a><\/div><div class=\"rl-gallery-item\"><a href=\"https:\/\/www.lafraguadedavid.com\/wp-content\/uploads\/2022\/02\/PICT0096.jpg\" title=\"\" data-rl_title=\"\" class=\"rl-gallery-link\" data-rl_caption=\"\" data-rel=\"lightbox-gallery-1\"><img src=\"https:\/\/www.lafraguadedavid.com\/wp-content\/uploads\/2022\/02\/PICT0096-300x225.jpg\" width=\"300\" height=\"225\" \/><\/a><\/div><div class=\"rl-gallery-item\"><a href=\"https:\/\/www.lafraguadedavid.com\/wp-content\/uploads\/2022\/02\/PICT0095.jpg\" title=\"\" data-rl_title=\"\" class=\"rl-gallery-link\" data-rl_caption=\"\" data-rel=\"lightbox-gallery-1\"><img src=\"https:\/\/www.lafraguadedavid.com\/wp-content\/uploads\/2022\/02\/PICT0095-300x225.jpg\" width=\"300\" height=\"225\" \/><\/a><\/div><div class=\"rl-gallery-item\"><a href=\"https:\/\/www.lafraguadedavid.com\/wp-content\/uploads\/2022\/02\/IMG-20130614-WA0003.jpg\" title=\"\" data-rl_title=\"\" class=\"rl-gallery-link\" data-rl_caption=\"\" data-rel=\"lightbox-gallery-1\"><img src=\"https:\/\/www.lafraguadedavid.com\/wp-content\/uploads\/2022\/02\/IMG-20130614-WA0003-225x300.jpg\" width=\"225\" height=\"300\" \/><\/a><\/div><div class=\"rl-gallery-item\"><a href=\"https:\/\/www.lafraguadedavid.com\/wp-content\/uploads\/2022\/02\/2013-07-08-13.38.45.jpg\" title=\"\" data-rl_title=\"\" class=\"rl-gallery-link\" data-rl_caption=\"\" data-rel=\"lightbox-gallery-1\"><img src=\"https:\/\/www.lafraguadedavid.com\/wp-content\/uploads\/2022\/02\/2013-07-08-13.38.45-300x225.jpg\" width=\"300\" height=\"225\" \/><\/a><\/div><div class=\"rl-gallery-item\"><a href=\"https:\/\/www.lafraguadedavid.com\/wp-content\/uploads\/2022\/01\/3.jpg\" title=\"\" data-rl_title=\"\" class=\"rl-gallery-link\" data-rl_caption=\"\" data-rel=\"lightbox-gallery-1\"><img src=\"https:\/\/www.lafraguadedavid.com\/wp-content\/uploads\/2022\/01\/3-300x203.jpg\" width=\"300\" height=\"203\" \/><\/a><\/div> <\/div> <\/div>\n\n\n\n<h2 class=\"has-text-align-center\"><span class=\"has-inline-color has-palette-color-5-color\">CERRAJERIA<\/span><\/h2>\n\n\n\n<p class=\"justificar2\">Realizamos trabajos de cerrajer\u00eda en apertura, sustituci\u00f3n o reparaci\u00f3n de cerraduras.<\/p>\n\n\n<div class=\"rl-gallery-container rl-loading\" id=\"rl-gallery-container-2\" data-gallery_id=\"509\"> <div class=\"rl-gallery rl-basicgrid-gallery \" id=\"rl-gallery-2\" data-gallery_no=\"2\"> <div class=\"rl-gallery-item\"><a href=\"https:\/\/www.lafraguadedavid.com\/wp-content\/uploads\/2022\/02\/IMG_20140919_170804.jpg\" title=\"\" data-rl_title=\"\" class=\"rl-gallery-link\" data-rl_caption=\"\" data-rel=\"lightbox-gallery-2\"><img src=\"https:\/\/www.lafraguadedavid.com\/wp-content\/uploads\/2022\/02\/IMG_20140919_170804-300x225.jpg\" width=\"300\" height=\"225\" \/><\/a><\/div><div class=\"rl-gallery-item\"><a href=\"https:\/\/www.lafraguadedavid.com\/wp-content\/uploads\/2022\/02\/IMG_20140919_171653.jpg\" title=\"\" data-rl_title=\"\" class=\"rl-gallery-link\" data-rl_caption=\"\" data-rel=\"lightbox-gallery-2\"><img src=\"https:\/\/www.lafraguadedavid.com\/wp-content\/uploads\/2022\/02\/IMG_20140919_171653-225x300.jpg\" width=\"225\" height=\"300\" \/><\/a><\/div><div class=\"rl-gallery-item\"><a href=\"https:\/\/www.lafraguadedavid.com\/wp-content\/uploads\/2022\/02\/IMG_20140919_171717.jpg\" title=\"\" data-rl_title=\"\" class=\"rl-gallery-link\" data-rl_caption=\"\" data-rel=\"lightbox-gallery-2\"><img src=\"https:\/\/www.lafraguadedavid.com\/wp-content\/uploads\/2022\/02\/IMG_20140919_171717-225x300.jpg\" width=\"225\" height=\"300\" \/><\/a><\/div><div class=\"rl-gallery-item\"><a href=\"https:\/\/www.lafraguadedavid.com\/wp-content\/uploads\/2022\/02\/IMG_20140919_190156.jpg\" title=\"\" data-rl_title=\"\" class=\"rl-gallery-link\" data-rl_caption=\"\" data-rel=\"lightbox-gallery-2\"><img src=\"https:\/\/www.lafraguadedavid.com\/wp-content\/uploads\/2022\/02\/IMG_20140919_190156-300x225.jpg\" width=\"300\" height=\"225\" \/><\/a><\/div><div class=\"rl-gallery-item\"><a href=\"https:\/\/www.lafraguadedavid.com\/wp-content\/uploads\/2022\/02\/IMG_20140919_190215.jpg\" title=\"\" data-rl_title=\"\" class=\"rl-gallery-link\" data-rl_caption=\"\" data-rel=\"lightbox-gallery-2\"><img src=\"https:\/\/www.lafraguadedavid.com\/wp-content\/uploads\/2022\/02\/IMG_20140919_190215-300x225.jpg\" width=\"300\" height=\"225\" \/><\/a><\/div> <\/div> <\/div>\n\n\n\n<h2 class=\"has-text-align-center\"><span class=\"has-inline-color has-palette-color-5-color\">MANTENIMIENTO<\/span><\/h2>\n\n\n\n<p class=\"justificar2\">Como expertos en nuestras materias realizamos mantenimientos integrales de cualquier elemento que realicemos.<\/p>\n","protected":false},"excerpt":{"rendered":"<p>ESTRUCTURAS MET\u00c1LICAS, CERRAJERIA Y MANTENIMIENTO ESTRUCTURAS MET\u00c1LICAS Realizamos cualquier tipo de estructura met\u00e1lica de vivienda, edificio o nave, pudiendo ser mixta o combinada. A su vez, realizamos cubiertas y revestimientos en chapa con toda la gama de lacados y aislamientos. CERRAJERIA Realizamos trabajos de cerrajer\u00eda en apertura, sustituci\u00f3n o reparaci\u00f3n de cerraduras. MANTENIMIENTO Como expertos en nuestras materias realizamos mantenimientos integrales de cualquier elemento que realicemos.<\/p>\n","protected":false},"author":1,"featured_media":0,"parent":0,"menu_order":0,"comment_status":"closed","ping_status":"closed","template":"","meta":[],"blocksy_meta":{"styles_descriptor":{"styles":{"desktop":"","tablet":"","mobile":""},"google_fonts":[],"version":4}},"yoast_head":"<!-- This site is optimized with the Yoast SEO plugin v18.1 - https:\/\/yoast.com\/wordpress\/plugins\/seo\/ -->\n<title>ESTRUCTURAS MET\u00c1LICAS, CERRAJERIA Y MANTENIMIENTO - La Fragua de David<\/title>\n<meta name=\"robots\" content=\"index, follow, max-snippet:-1, max-image-preview:large, max-video-preview:-1\" \/>\n<link rel=\"canonical\" href=\"https:\/\/www.lafraguadedavid.com\/index.php\/estructuras-metalicas-cerrajeria-y-mantenimiento\/\" \/>\n<meta property=\"og:locale\" content=\"es_ES\" \/>\n<meta property=\"og:type\" content=\"article\" \/>\n<meta property=\"og:title\" content=\"ESTRUCTURAS MET\u00c1LICAS, CERRAJERIA Y MANTENIMIENTO - La Fragua de David\" \/>\n<meta property=\"og:description\" content=\"ESTRUCTURAS MET\u00c1LICAS, CERRAJERIA Y MANTENIMIENTO ESTRUCTURAS MET\u00c1LICAS Realizamos cualquier tipo de estructura met\u00e1lica de vivienda, edificio o nave, pudiendo ser mixta o combinada. A su vez, realizamos cubiertas y revestimientos en chapa con toda la gama de lacados y aislamientos. CERRAJERIA Realizamos trabajos de cerrajer\u00eda en apertura, sustituci\u00f3n o reparaci\u00f3n de cerraduras. MANTENIMIENTO Como expertos en nuestras materias realizamos mantenimientos integrales de cualquier elemento que realicemos.\" \/>\n<meta property=\"og:url\" content=\"https:\/\/www.lafraguadedavid.com\/index.php\/estructuras-metalicas-cerrajeria-y-mantenimiento\/\" \/>\n<meta property=\"og:site_name\" content=\"La Fragua de David\" \/>\n<meta property=\"article:modified_time\" content=\"2022-02-15T17:28:09+00:00\" \/>\n<meta name=\"twitter:card\" content=\"summary_large_image\" \/>\n<meta name=\"twitter:label1\" content=\"Tiempo de lectura\" \/>\n\t<meta name=\"twitter:data1\" content=\"1 minuto\" \/>\n<script type=\"application\/ld+json\" class=\"yoast-schema-graph\">{\"@context\":\"https:\/\/schema.org\",\"@graph\":[{\"@type\":\"WebSite\",\"@id\":\"https:\/\/www.lafraguadedavid.com\/#website\",\"url\":\"https:\/\/www.lafraguadedavid.com\/\",\"name\":\"La Fragua de David\",\"description\":\"\",\"potentialAction\":[{\"@type\":\"SearchAction\",\"target\":{\"@type\":\"EntryPoint\",\"urlTemplate\":\"https:\/\/www.lafraguadedavid.com\/?s={search_term_string}\"},\"query-input\":\"required name=search_term_string\"}],\"inLanguage\":\"es\"},{\"@type\":\"WebPage\",\"@id\":\"https:\/\/www.lafraguadedavid.com\/index.php\/estructuras-metalicas-cerrajeria-y-mantenimiento\/#webpage\",\"url\":\"https:\/\/www.lafraguadedavid.com\/index.php\/estructuras-metalicas-cerrajeria-y-mantenimiento\/\",\"name\":\"ESTRUCTURAS MET\u00c1LICAS, CERRAJERIA Y MANTENIMIENTO - La Fragua de David\",\"isPartOf\":{\"@id\":\"https:\/\/www.lafraguadedavid.com\/#website\"},\"datePublished\":\"2022-01-25T14:45:50+00:00\",\"dateModified\":\"2022-02-15T17:28:09+00:00\",\"breadcrumb\":{\"@id\":\"https:\/\/www.lafraguadedavid.com\/index.php\/estructuras-metalicas-cerrajeria-y-mantenimiento\/#breadcrumb\"},\"inLanguage\":\"es\",\"potentialAction\":[{\"@type\":\"ReadAction\",\"target\":[\"https:\/\/www.lafraguadedavid.com\/index.php\/estructuras-metalicas-cerrajeria-y-mantenimiento\/\"]}]},{\"@type\":\"BreadcrumbList\",\"@id\":\"https:\/\/www.lafraguadedavid.com\/index.php\/estructuras-metalicas-cerrajeria-y-mantenimiento\/#breadcrumb\",\"itemListElement\":[{\"@type\":\"ListItem\",\"position\":1,\"name\":\"Portada\",\"item\":\"https:\/\/www.lafraguadedavid.com\/\"},{\"@type\":\"ListItem\",\"position\":2,\"name\":\"ESTRUCTURAS MET\u00c1LICAS, CERRAJERIA Y MANTENIMIENTO\"}]}]}<\/script>\n<!-- \/ Yoast SEO plugin. -->","yoast_head_json":{"title":"ESTRUCTURAS MET\u00c1LICAS, CERRAJERIA Y MANTENIMIENTO - La Fragua de David","robots":{"index":"index","follow":"follow","max-snippet":"max-snippet:-1","max-image-preview":"max-image-preview:large","max-video-preview":"max-video-preview:-1"},"canonical":"https:\/\/www.lafraguadedavid.com\/index.php\/estructuras-metalicas-cerrajeria-y-mantenimiento\/","og_locale":"es_ES","og_type":"article","og_title":"ESTRUCTURAS MET\u00c1LICAS, CERRAJERIA Y MANTENIMIENTO - La Fragua de David","og_description":"ESTRUCTURAS MET\u00c1LICAS, CERRAJERIA Y MANTENIMIENTO ESTRUCTURAS MET\u00c1LICAS Realizamos cualquier tipo de estructura met\u00e1lica de vivienda, edificio o nave, pudiendo ser mixta o combinada. A su vez, realizamos cubiertas y revestimientos en chapa con toda la gama de lacados y aislamientos. CERRAJERIA Realizamos trabajos de cerrajer\u00eda en apertura, sustituci\u00f3n o reparaci\u00f3n de cerraduras. MANTENIMIENTO Como expertos en nuestras materias realizamos mantenimientos integrales de cualquier elemento que realicemos.","og_url":"https:\/\/www.lafraguadedavid.com\/index.php\/estructuras-metalicas-cerrajeria-y-mantenimiento\/","og_site_name":"La Fragua de David","article_modified_time":"2022-02-15T17:28:09+00:00","twitter_card":"summary_large_image","twitter_misc":{"Tiempo de lectura":"1 minuto"},"schema":{"@context":"https:\/\/schema.org","@graph":[{"@type":"WebSite","@id":"https:\/\/www.lafraguadedavid.com\/#website","url":"https:\/\/www.lafraguadedavid.com\/","name":"La Fragua de David","description":"","potentialAction":[{"@type":"SearchAction","target":{"@type":"EntryPoint","urlTemplate":"https:\/\/www.lafraguadedavid.com\/?s={search_term_string}"},"query-input":"required name=search_term_string"}],"inLanguage":"es"},{"@type":"WebPage","@id":"https:\/\/www.lafraguadedavid.com\/index.php\/estructuras-metalicas-cerrajeria-y-mantenimiento\/#webpage","url":"https:\/\/www.lafraguadedavid.com\/index.php\/estructuras-metalicas-cerrajeria-y-mantenimiento\/","name":"ESTRUCTURAS MET\u00c1LICAS, CERRAJERIA Y MANTENIMIENTO - La Fragua de David","isPartOf":{"@id":"https:\/\/www.lafraguadedavid.com\/#website"},"datePublished":"2022-01-25T14:45:50+00:00","dateModified":"2022-02-15T17:28:09+00:00","breadcrumb":{"@id":"https:\/\/www.lafraguadedavid.com\/index.php\/estructuras-metalicas-cerrajeria-y-mantenimiento\/#breadcrumb"},"inLanguage":"es","potentialAction":[{"@type":"ReadAction","target":["https:\/\/www.lafraguadedavid.com\/index.php\/estructuras-metalicas-cerrajeria-y-mantenimiento\/"]}]},{"@type":"BreadcrumbList","@id":"https:\/\/www.lafraguadedavid.com\/index.php\/estructuras-metalicas-cerrajeria-y-mantenimiento\/#breadcrumb","itemListElement":[{"@type":"ListItem","position":1,"name":"Portada","item":"https:\/\/www.lafraguadedavid.com\/"},{"@type":"ListItem","position":2,"name":"ESTRUCTURAS MET\u00c1LICAS, CERRAJERIA Y MANTENIMIENTO"}]}]}},"_links":{"self":[{"href":"https:\/\/www.lafraguadedavid.com\/index.php\/wp-json\/wp\/v2\/pages\/101"}],"collection":[{"href":"https:\/\/www.lafraguadedavid.com\/index.php\/wp-json\/wp\/v2\/pages"}],"about":[{"href":"https:\/\/www.lafraguadedavid.com\/index.php\/wp-json\/wp\/v2\/types\/page"}],"author":[{"embeddable":true,"href":"https:\/\/www.lafraguadedavid.com\/index.php\/wp-json\/wp\/v2\/users\/1"}],"replies":[{"embeddable":true,"href":"https:\/\/www.lafraguadedavid.com\/index.php\/wp-json\/wp\/v2\/comments?post=101"}],"version-history":[{"count":6,"href":"https:\/\/www.lafraguadedavid.com\/index.php\/wp-json\/wp\/v2\/pages\/101\/revisions"}],"predecessor-version":[{"id":515,"href":"https:\/\/www.lafraguadedavid.com\/index.php\/wp-json\/wp\/v2\/pages\/101\/revisions\/515"}],"wp:attachment":[{"href":"https:\/\/www.lafraguadedavid.com\/index.php\/wp-json\/wp\/v2\/media?parent=101"}],"curies":[{"name":"wp","href":"https:\/\/api.w.org\/{rel}","templated":true}]}}