
{"id":103,"date":"2022-01-25T14:46:15","date_gmt":"2022-01-25T14:46:15","guid":{"rendered":"https:\/\/www.lafraguadedavid.com\/?page_id=103"},"modified":"2022-02-15T17:35:33","modified_gmt":"2022-02-15T17:35:33","slug":"mobiliario-utensilios-y-adornos-metalicos","status":"publish","type":"page","link":"https:\/\/www.lafraguadedavid.com\/index.php\/mobiliario-utensilios-y-adornos-metalicos\/","title":{"rendered":"MOBILIARIO, UTENSILIOS Y ADORNOS MET\u00c1LICOS"},"content":{"rendered":"\n<h2 class=\"has-text-align-center\"><span class=\"has-inline-color has-palette-color-5-color\">MOBILIARIO, UTENSILIOS Y ADORNOS MET\u00c1LICOS<\/span><\/h2>\n\n\n\n<p class=\"justificar2\">La integraci\u00f3n del elemento met\u00e1lico en la decoraci\u00f3n de exterior estaba muy asentada por su fortaleza y durabilidad, pero hoy d\u00eda se ha integrado enormemente en espacios interiores gracias a su versatilidad y su&nbsp; &nbsp;minimalismo. Podemos alcanzar a realizar cualquier producto, desde mesas o muebles, ba\u00f1adores de luz, candelabros, esculturas y un interminable etc.<\/p>\n\n\n<div class=\"rl-gallery-container rl-loading\" id=\"rl-gallery-container-1\" data-gallery_id=\"524\"> <div class=\"rl-gallery rl-basicgrid-gallery \" id=\"rl-gallery-1\" data-gallery_no=\"1\"> <div class=\"rl-gallery-item\"><a href=\"https:\/\/www.lafraguadedavid.com\/wp-content\/uploads\/2022\/02\/BANQUETA-scaled.jpg\" title=\"\" data-rl_title=\"\" class=\"rl-gallery-link\" data-rl_caption=\"\" data-rel=\"lightbox-gallery-1\"><img src=\"https:\/\/www.lafraguadedavid.com\/wp-content\/uploads\/2022\/02\/BANQUETA-300x225.jpg\" width=\"300\" height=\"225\" \/><\/a><\/div><div class=\"rl-gallery-item\"><a href=\"https:\/\/www.lafraguadedavid.com\/wp-content\/uploads\/2022\/02\/BARANDILLA-DE-CAMA-scaled.jpg\" title=\"\" data-rl_title=\"\" class=\"rl-gallery-link\" data-rl_caption=\"\" data-rel=\"lightbox-gallery-1\"><img src=\"https:\/\/www.lafraguadedavid.com\/wp-content\/uploads\/2022\/02\/BARANDILLA-DE-CAMA-300x169.jpg\" width=\"300\" height=\"169\" \/><\/a><\/div><div class=\"rl-gallery-item\"><a href=\"https:\/\/www.lafraguadedavid.com\/wp-content\/uploads\/2022\/02\/BARANDILLA-DE-CAMA-1.jpg\" title=\"\" data-rl_title=\"\" class=\"rl-gallery-link\" data-rl_caption=\"\" data-rel=\"lightbox-gallery-1\"><img src=\"https:\/\/www.lafraguadedavid.com\/wp-content\/uploads\/2022\/02\/BARANDILLA-DE-CAMA-1-300x169.jpg\" width=\"300\" height=\"169\" \/><\/a><\/div><div class=\"rl-gallery-item\"><a href=\"https:\/\/www.lafraguadedavid.com\/wp-content\/uploads\/2022\/02\/BARANDILLA-DE-CAMA-2.jpg\" title=\"\" data-rl_title=\"\" class=\"rl-gallery-link\" data-rl_caption=\"\" data-rel=\"lightbox-gallery-1\"><img src=\"https:\/\/www.lafraguadedavid.com\/wp-content\/uploads\/2022\/02\/BARANDILLA-DE-CAMA-2-300x169.jpg\" width=\"300\" height=\"169\" \/><\/a><\/div><div class=\"rl-gallery-item\"><a href=\"https:\/\/www.lafraguadedavid.com\/wp-content\/uploads\/2022\/02\/BARIJA.jpg\" title=\"\" data-rl_title=\"\" class=\"rl-gallery-link\" data-rl_caption=\"\" data-rel=\"lightbox-gallery-1\"><img src=\"https:\/\/www.lafraguadedavid.com\/wp-content\/uploads\/2022\/02\/BARIJA-225x300.jpg\" width=\"225\" height=\"300\" \/><\/a><\/div><div class=\"rl-gallery-item\"><a href=\"https:\/\/www.lafraguadedavid.com\/wp-content\/uploads\/2022\/02\/BROCAL.jpg\" title=\"\" data-rl_title=\"\" class=\"rl-gallery-link\" data-rl_caption=\"\" data-rel=\"lightbox-gallery-1\"><img src=\"https:\/\/www.lafraguadedavid.com\/wp-content\/uploads\/2022\/02\/BROCAL-225x300.jpg\" width=\"225\" height=\"300\" \/><\/a><\/div><div class=\"rl-gallery-item\"><a href=\"https:\/\/www.lafraguadedavid.com\/wp-content\/uploads\/2022\/02\/CABECERO.jpg\" title=\"\" data-rl_title=\"\" class=\"rl-gallery-link\" data-rl_caption=\"\" data-rel=\"lightbox-gallery-1\"><img src=\"https:\/\/www.lafraguadedavid.com\/wp-content\/uploads\/2022\/02\/CABECERO-300x225.jpg\" width=\"300\" height=\"225\" \/><\/a><\/div><div class=\"rl-gallery-item\"><a href=\"https:\/\/www.lafraguadedavid.com\/wp-content\/uploads\/2022\/02\/CAJITA.jpg\" title=\"\" data-rl_title=\"\" class=\"rl-gallery-link\" data-rl_caption=\"\" data-rel=\"lightbox-gallery-1\"><img src=\"https:\/\/www.lafraguadedavid.com\/wp-content\/uploads\/2022\/02\/CAJITA-300x225.jpg\" width=\"300\" height=\"225\" \/><\/a><\/div><div class=\"rl-gallery-item\"><a href=\"https:\/\/www.lafraguadedavid.com\/wp-content\/uploads\/2022\/02\/CANDELABRO.jpg\" title=\"\" data-rl_title=\"\" class=\"rl-gallery-link\" data-rl_caption=\"\" data-rel=\"lightbox-gallery-1\"><img src=\"https:\/\/www.lafraguadedavid.com\/wp-content\/uploads\/2022\/02\/CANDELABRO-225x300.jpg\" width=\"225\" height=\"300\" \/><\/a><\/div><div class=\"rl-gallery-item\"><a href=\"https:\/\/www.lafraguadedavid.com\/wp-content\/uploads\/2022\/02\/CRUZ.jpg\" title=\"\" data-rl_title=\"\" class=\"rl-gallery-link\" data-rl_caption=\"\" data-rel=\"lightbox-gallery-1\"><img src=\"https:\/\/www.lafraguadedavid.com\/wp-content\/uploads\/2022\/02\/CRUZ-225x300.jpg\" width=\"225\" height=\"300\" \/><\/a><\/div><div class=\"rl-gallery-item\"><a href=\"https:\/\/www.lafraguadedavid.com\/wp-content\/uploads\/2022\/02\/CRUZ-CUBISTA.jpg\" title=\"\" data-rl_title=\"\" class=\"rl-gallery-link\" data-rl_caption=\"\" data-rel=\"lightbox-gallery-1\"><img src=\"https:\/\/www.lafraguadedavid.com\/wp-content\/uploads\/2022\/02\/CRUZ-CUBISTA-225x300.jpg\" width=\"225\" height=\"300\" \/><\/a><\/div><div class=\"rl-gallery-item\"><a href=\"https:\/\/www.lafraguadedavid.com\/wp-content\/uploads\/2022\/02\/CUELGO-COPAS.jpg\" title=\"\" data-rl_title=\"\" class=\"rl-gallery-link\" data-rl_caption=\"\" data-rel=\"lightbox-gallery-1\"><img src=\"https:\/\/www.lafraguadedavid.com\/wp-content\/uploads\/2022\/02\/CUELGO-COPAS-300x169.jpg\" width=\"300\" height=\"169\" \/><\/a><\/div><div class=\"rl-gallery-item\"><a href=\"https:\/\/www.lafraguadedavid.com\/wp-content\/uploads\/2022\/02\/ESPADAS.jpg\" title=\"\" data-rl_title=\"\" class=\"rl-gallery-link\" data-rl_caption=\"\" data-rel=\"lightbox-gallery-1\"><img src=\"https:\/\/www.lafraguadedavid.com\/wp-content\/uploads\/2022\/02\/ESPADAS-225x300.jpg\" width=\"225\" height=\"300\" \/><\/a><\/div><div class=\"rl-gallery-item\"><a href=\"https:\/\/www.lafraguadedavid.com\/wp-content\/uploads\/2022\/02\/ESPEJO-DE-PARED.jpg\" title=\"\" data-rl_title=\"\" class=\"rl-gallery-link\" data-rl_caption=\"\" data-rel=\"lightbox-gallery-1\"><img src=\"https:\/\/www.lafraguadedavid.com\/wp-content\/uploads\/2022\/02\/ESPEJO-DE-PARED-225x300.jpg\" width=\"225\" height=\"300\" \/><\/a><\/div><div class=\"rl-gallery-item\"><a href=\"https:\/\/www.lafraguadedavid.com\/wp-content\/uploads\/2022\/02\/ESPEJO-DE-PIE.jpg\" title=\"\" data-rl_title=\"\" class=\"rl-gallery-link\" data-rl_caption=\"\" data-rel=\"lightbox-gallery-1\"><img src=\"https:\/\/www.lafraguadedavid.com\/wp-content\/uploads\/2022\/02\/ESPEJO-DE-PIE-225x300.jpg\" width=\"225\" height=\"300\" \/><\/a><\/div><div class=\"rl-gallery-item\"><a href=\"https:\/\/www.lafraguadedavid.com\/wp-content\/uploads\/2022\/02\/ESTOQUE-scaled.jpg\" title=\"\" data-rl_title=\"\" class=\"rl-gallery-link\" data-rl_caption=\"\" data-rel=\"lightbox-gallery-1\"><img src=\"https:\/\/www.lafraguadedavid.com\/wp-content\/uploads\/2022\/02\/ESTOQUE-225x300.jpg\" width=\"225\" height=\"300\" \/><\/a><\/div><div class=\"rl-gallery-item\"><a href=\"https:\/\/www.lafraguadedavid.com\/wp-content\/uploads\/2022\/02\/FREGADERO.jpg\" title=\"\" data-rl_title=\"\" class=\"rl-gallery-link\" data-rl_caption=\"\" data-rel=\"lightbox-gallery-1\"><img src=\"https:\/\/www.lafraguadedavid.com\/wp-content\/uploads\/2022\/02\/FREGADERO-169x300.jpg\" width=\"169\" height=\"300\" \/><\/a><\/div><div class=\"rl-gallery-item\"><a href=\"https:\/\/www.lafraguadedavid.com\/wp-content\/uploads\/2022\/02\/MESA-MADERA.jpg\" title=\"\" data-rl_title=\"\" class=\"rl-gallery-link\" data-rl_caption=\"\" data-rel=\"lightbox-gallery-1\"><img src=\"https:\/\/www.lafraguadedavid.com\/wp-content\/uploads\/2022\/02\/MESA-MADERA-225x300.jpg\" width=\"225\" height=\"300\" \/><\/a><\/div><div class=\"rl-gallery-item\"><a href=\"https:\/\/www.lafraguadedavid.com\/wp-content\/uploads\/2022\/02\/MESA-ALTA-Y-TABORETES.jpg\" title=\"\" data-rl_title=\"\" class=\"rl-gallery-link\" data-rl_caption=\"\" data-rel=\"lightbox-gallery-1\"><img src=\"https:\/\/www.lafraguadedavid.com\/wp-content\/uploads\/2022\/02\/MESA-ALTA-Y-TABORETES-225x300.jpg\" width=\"225\" height=\"300\" \/><\/a><\/div><div class=\"rl-gallery-item\"><a href=\"https:\/\/www.lafraguadedavid.com\/wp-content\/uploads\/2022\/02\/MESA-BAJA-.jpg\" title=\"\" data-rl_title=\"\" class=\"rl-gallery-link\" data-rl_caption=\"\" data-rel=\"lightbox-gallery-1\"><img src=\"https:\/\/www.lafraguadedavid.com\/wp-content\/uploads\/2022\/02\/MESA-BAJA--300x225.jpg\" width=\"300\" height=\"225\" \/><\/a><\/div><div class=\"rl-gallery-item\"><a href=\"https:\/\/www.lafraguadedavid.com\/wp-content\/uploads\/2022\/02\/MESA-BOBINA.jpg\" title=\"\" data-rl_title=\"\" class=\"rl-gallery-link\" data-rl_caption=\"\" data-rel=\"lightbox-gallery-1\"><img src=\"https:\/\/www.lafraguadedavid.com\/wp-content\/uploads\/2022\/02\/MESA-BOBINA-300x225.jpg\" width=\"300\" height=\"225\" \/><\/a><\/div><div class=\"rl-gallery-item\"><a href=\"https:\/\/www.lafraguadedavid.com\/wp-content\/uploads\/2022\/02\/MESA-BOBINA-2.jpg\" title=\"\" data-rl_title=\"\" class=\"rl-gallery-link\" data-rl_caption=\"\" data-rel=\"lightbox-gallery-1\"><img src=\"https:\/\/www.lafraguadedavid.com\/wp-content\/uploads\/2022\/02\/MESA-BOBINA-2-300x225.jpg\" width=\"300\" height=\"225\" \/><\/a><\/div><div class=\"rl-gallery-item\"><a href=\"https:\/\/www.lafraguadedavid.com\/wp-content\/uploads\/2022\/02\/MESA-DISENO.jpg\" title=\"\" data-rl_title=\"\" class=\"rl-gallery-link\" data-rl_caption=\"\" data-rel=\"lightbox-gallery-1\"><img src=\"https:\/\/www.lafraguadedavid.com\/wp-content\/uploads\/2022\/02\/MESA-DISENO-300x225.jpg\" width=\"300\" height=\"225\" \/><\/a><\/div><div class=\"rl-gallery-item\"><a href=\"https:\/\/www.lafraguadedavid.com\/wp-content\/uploads\/2022\/02\/MESA-JARDIN.jpg\" title=\"\" data-rl_title=\"\" class=\"rl-gallery-link\" data-rl_caption=\"\" data-rel=\"lightbox-gallery-1\"><img src=\"https:\/\/www.lafraguadedavid.com\/wp-content\/uploads\/2022\/02\/MESA-JARDIN-300x225.jpg\" width=\"300\" height=\"225\" \/><\/a><\/div><div class=\"rl-gallery-item\"><a href=\"https:\/\/www.lafraguadedavid.com\/wp-content\/uploads\/2022\/02\/MESA-MINIMALISTA.jpg\" title=\"\" data-rl_title=\"\" class=\"rl-gallery-link\" data-rl_caption=\"\" data-rel=\"lightbox-gallery-1\"><img src=\"https:\/\/www.lafraguadedavid.com\/wp-content\/uploads\/2022\/02\/MESA-MINIMALISTA-300x169.jpg\" width=\"300\" height=\"169\" \/><\/a><\/div><div class=\"rl-gallery-item\"><a href=\"https:\/\/www.lafraguadedavid.com\/wp-content\/uploads\/2022\/02\/PALANGANERO.jpg\" title=\"\" data-rl_title=\"\" class=\"rl-gallery-link\" data-rl_caption=\"\" data-rel=\"lightbox-gallery-1\"><img src=\"https:\/\/www.lafraguadedavid.com\/wp-content\/uploads\/2022\/02\/PALANGANERO-225x300.jpg\" width=\"225\" height=\"300\" \/><\/a><\/div><div class=\"rl-gallery-item\"><a href=\"https:\/\/www.lafraguadedavid.com\/wp-content\/uploads\/2022\/02\/PALA-PIZSZAS.jpg\" title=\"\" data-rl_title=\"\" class=\"rl-gallery-link\" data-rl_caption=\"\" data-rel=\"lightbox-gallery-1\"><img src=\"https:\/\/www.lafraguadedavid.com\/wp-content\/uploads\/2022\/02\/PALA-PIZSZAS-225x300.jpg\" width=\"225\" height=\"300\" \/><\/a><\/div><div class=\"rl-gallery-item\"><a href=\"https:\/\/www.lafraguadedavid.com\/wp-content\/uploads\/2022\/02\/PERCHA.jpg\" title=\"\" data-rl_title=\"\" class=\"rl-gallery-link\" data-rl_caption=\"\" data-rel=\"lightbox-gallery-1\"><img src=\"https:\/\/www.lafraguadedavid.com\/wp-content\/uploads\/2022\/02\/PERCHA-300x169.jpg\" width=\"300\" height=\"169\" \/><\/a><\/div><div class=\"rl-gallery-item\"><a href=\"https:\/\/www.lafraguadedavid.com\/wp-content\/uploads\/2022\/02\/ROSA.jpg\" title=\"\" data-rl_title=\"\" class=\"rl-gallery-link\" data-rl_caption=\"\" data-rel=\"lightbox-gallery-1\"><img src=\"https:\/\/www.lafraguadedavid.com\/wp-content\/uploads\/2022\/02\/ROSA-300x225.jpg\" width=\"300\" height=\"225\" \/><\/a><\/div><div class=\"rl-gallery-item\"><a href=\"https:\/\/www.lafraguadedavid.com\/wp-content\/uploads\/2022\/02\/SEPARADOR-DE-ESTANCIAS.jpg\" title=\"\" data-rl_title=\"\" class=\"rl-gallery-link\" data-rl_caption=\"\" data-rel=\"lightbox-gallery-1\"><img src=\"https:\/\/www.lafraguadedavid.com\/wp-content\/uploads\/2022\/02\/SEPARADOR-DE-ESTANCIAS-225x300.jpg\" width=\"225\" height=\"300\" \/><\/a><\/div><div class=\"rl-gallery-item\"><a href=\"https:\/\/www.lafraguadedavid.com\/wp-content\/uploads\/2022\/02\/SOPORTE-VELA.jpg\" title=\"\" data-rl_title=\"\" class=\"rl-gallery-link\" data-rl_caption=\"\" data-rel=\"lightbox-gallery-1\"><img src=\"https:\/\/www.lafraguadedavid.com\/wp-content\/uploads\/2022\/02\/SOPORTE-VELA-225x300.jpg\" width=\"225\" height=\"300\" \/><\/a><\/div><div class=\"rl-gallery-item\"><a href=\"https:\/\/www.lafraguadedavid.com\/wp-content\/uploads\/2022\/02\/TRANCA-DE-PUCHERO.jpg\" title=\"\" data-rl_title=\"\" class=\"rl-gallery-link\" data-rl_caption=\"\" data-rel=\"lightbox-gallery-1\"><img src=\"https:\/\/www.lafraguadedavid.com\/wp-content\/uploads\/2022\/02\/TRANCA-DE-PUCHERO-300x225.jpg\" width=\"300\" height=\"225\" \/><\/a><\/div><div class=\"rl-gallery-item\"><a href=\"https:\/\/www.lafraguadedavid.com\/wp-content\/uploads\/2022\/02\/TREBEDE-MACETERO.jpg\" title=\"\" data-rl_title=\"\" class=\"rl-gallery-link\" data-rl_caption=\"\" data-rel=\"lightbox-gallery-1\"><img src=\"https:\/\/www.lafraguadedavid.com\/wp-content\/uploads\/2022\/02\/TREBEDE-MACETERO-300x169.jpg\" width=\"300\" height=\"169\" \/><\/a><\/div> <\/div> <\/div>\n","protected":false},"excerpt":{"rendered":"<p>MOBILIARIO, UTENSILIOS Y ADORNOS MET\u00c1LICOS La integraci\u00f3n del elemento met\u00e1lico en la decoraci\u00f3n de exterior estaba muy asentada por su fortaleza y durabilidad, pero hoy d\u00eda se ha integrado enormemente en espacios interiores gracias a su versatilidad y su&nbsp; &nbsp;minimalismo. Podemos alcanzar a realizar cualquier producto, desde mesas o muebles, ba\u00f1adores de luz, candelabros, esculturas y un interminable etc.<\/p>\n","protected":false},"author":1,"featured_media":0,"parent":0,"menu_order":0,"comment_status":"closed","ping_status":"closed","template":"","meta":[],"blocksy_meta":{"styles_descriptor":{"styles":{"desktop":"","tablet":"","mobile":""},"google_fonts":[],"version":4}},"yoast_head":"<!-- This site is optimized with the Yoast SEO plugin v18.1 - https:\/\/yoast.com\/wordpress\/plugins\/seo\/ -->\n<title>MOBILIARIO, UTENSILIOS Y ADORNOS MET\u00c1LICOS - La Fragua de David<\/title>\n<meta name=\"robots\" content=\"index, follow, max-snippet:-1, max-image-preview:large, max-video-preview:-1\" \/>\n<link rel=\"canonical\" href=\"https:\/\/www.lafraguadedavid.com\/index.php\/mobiliario-utensilios-y-adornos-metalicos\/\" \/>\n<meta property=\"og:locale\" content=\"es_ES\" \/>\n<meta property=\"og:type\" content=\"article\" \/>\n<meta property=\"og:title\" content=\"MOBILIARIO, UTENSILIOS Y ADORNOS MET\u00c1LICOS - La Fragua de David\" \/>\n<meta property=\"og:description\" content=\"MOBILIARIO, UTENSILIOS Y ADORNOS MET\u00c1LICOS La integraci\u00f3n del elemento met\u00e1lico en la decoraci\u00f3n de exterior estaba muy asentada por su fortaleza y durabilidad, pero hoy d\u00eda se ha integrado enormemente en espacios interiores gracias a su versatilidad y su&nbsp; &nbsp;minimalismo. Podemos alcanzar a realizar cualquier producto, desde mesas o muebles, ba\u00f1adores de luz, candelabros, esculturas y un interminable etc.\" \/>\n<meta property=\"og:url\" content=\"https:\/\/www.lafraguadedavid.com\/index.php\/mobiliario-utensilios-y-adornos-metalicos\/\" \/>\n<meta property=\"og:site_name\" content=\"La Fragua de David\" \/>\n<meta property=\"article:modified_time\" content=\"2022-02-15T17:35:33+00:00\" \/>\n<meta name=\"twitter:card\" content=\"summary_large_image\" \/>\n<meta name=\"twitter:label1\" content=\"Tiempo de lectura\" \/>\n\t<meta name=\"twitter:data1\" content=\"1 minuto\" \/>\n<script type=\"application\/ld+json\" class=\"yoast-schema-graph\">{\"@context\":\"https:\/\/schema.org\",\"@graph\":[{\"@type\":\"WebSite\",\"@id\":\"https:\/\/www.lafraguadedavid.com\/#website\",\"url\":\"https:\/\/www.lafraguadedavid.com\/\",\"name\":\"La Fragua de David\",\"description\":\"\",\"potentialAction\":[{\"@type\":\"SearchAction\",\"target\":{\"@type\":\"EntryPoint\",\"urlTemplate\":\"https:\/\/www.lafraguadedavid.com\/?s={search_term_string}\"},\"query-input\":\"required name=search_term_string\"}],\"inLanguage\":\"es\"},{\"@type\":\"WebPage\",\"@id\":\"https:\/\/www.lafraguadedavid.com\/index.php\/mobiliario-utensilios-y-adornos-metalicos\/#webpage\",\"url\":\"https:\/\/www.lafraguadedavid.com\/index.php\/mobiliario-utensilios-y-adornos-metalicos\/\",\"name\":\"MOBILIARIO, UTENSILIOS Y ADORNOS MET\u00c1LICOS - La Fragua de David\",\"isPartOf\":{\"@id\":\"https:\/\/www.lafraguadedavid.com\/#website\"},\"datePublished\":\"2022-01-25T14:46:15+00:00\",\"dateModified\":\"2022-02-15T17:35:33+00:00\",\"breadcrumb\":{\"@id\":\"https:\/\/www.lafraguadedavid.com\/index.php\/mobiliario-utensilios-y-adornos-metalicos\/#breadcrumb\"},\"inLanguage\":\"es\",\"potentialAction\":[{\"@type\":\"ReadAction\",\"target\":[\"https:\/\/www.lafraguadedavid.com\/index.php\/mobiliario-utensilios-y-adornos-metalicos\/\"]}]},{\"@type\":\"BreadcrumbList\",\"@id\":\"https:\/\/www.lafraguadedavid.com\/index.php\/mobiliario-utensilios-y-adornos-metalicos\/#breadcrumb\",\"itemListElement\":[{\"@type\":\"ListItem\",\"position\":1,\"name\":\"Portada\",\"item\":\"https:\/\/www.lafraguadedavid.com\/\"},{\"@type\":\"ListItem\",\"position\":2,\"name\":\"MOBILIARIO, UTENSILIOS Y ADORNOS MET\u00c1LICOS\"}]}]}<\/script>\n<!-- \/ Yoast SEO plugin. -->","yoast_head_json":{"title":"MOBILIARIO, UTENSILIOS Y ADORNOS MET\u00c1LICOS - La Fragua de David","robots":{"index":"index","follow":"follow","max-snippet":"max-snippet:-1","max-image-preview":"max-image-preview:large","max-video-preview":"max-video-preview:-1"},"canonical":"https:\/\/www.lafraguadedavid.com\/index.php\/mobiliario-utensilios-y-adornos-metalicos\/","og_locale":"es_ES","og_type":"article","og_title":"MOBILIARIO, UTENSILIOS Y ADORNOS MET\u00c1LICOS - La Fragua de David","og_description":"MOBILIARIO, UTENSILIOS Y ADORNOS MET\u00c1LICOS La integraci\u00f3n del elemento met\u00e1lico en la decoraci\u00f3n de exterior estaba muy asentada por su fortaleza y durabilidad, pero hoy d\u00eda se ha integrado enormemente en espacios interiores gracias a su versatilidad y su&nbsp; &nbsp;minimalismo. Podemos alcanzar a realizar cualquier producto, desde mesas o muebles, ba\u00f1adores de luz, candelabros, esculturas y un interminable etc.","og_url":"https:\/\/www.lafraguadedavid.com\/index.php\/mobiliario-utensilios-y-adornos-metalicos\/","og_site_name":"La Fragua de David","article_modified_time":"2022-02-15T17:35:33+00:00","twitter_card":"summary_large_image","twitter_misc":{"Tiempo de lectura":"1 minuto"},"schema":{"@context":"https:\/\/schema.org","@graph":[{"@type":"WebSite","@id":"https:\/\/www.lafraguadedavid.com\/#website","url":"https:\/\/www.lafraguadedavid.com\/","name":"La Fragua de David","description":"","potentialAction":[{"@type":"SearchAction","target":{"@type":"EntryPoint","urlTemplate":"https:\/\/www.lafraguadedavid.com\/?s={search_term_string}"},"query-input":"required name=search_term_string"}],"inLanguage":"es"},{"@type":"WebPage","@id":"https:\/\/www.lafraguadedavid.com\/index.php\/mobiliario-utensilios-y-adornos-metalicos\/#webpage","url":"https:\/\/www.lafraguadedavid.com\/index.php\/mobiliario-utensilios-y-adornos-metalicos\/","name":"MOBILIARIO, UTENSILIOS Y ADORNOS MET\u00c1LICOS - La Fragua de David","isPartOf":{"@id":"https:\/\/www.lafraguadedavid.com\/#website"},"datePublished":"2022-01-25T14:46:15+00:00","dateModified":"2022-02-15T17:35:33+00:00","breadcrumb":{"@id":"https:\/\/www.lafraguadedavid.com\/index.php\/mobiliario-utensilios-y-adornos-metalicos\/#breadcrumb"},"inLanguage":"es","potentialAction":[{"@type":"ReadAction","target":["https:\/\/www.lafraguadedavid.com\/index.php\/mobiliario-utensilios-y-adornos-metalicos\/"]}]},{"@type":"BreadcrumbList","@id":"https:\/\/www.lafraguadedavid.com\/index.php\/mobiliario-utensilios-y-adornos-metalicos\/#breadcrumb","itemListElement":[{"@type":"ListItem","position":1,"name":"Portada","item":"https:\/\/www.lafraguadedavid.com\/"},{"@type":"ListItem","position":2,"name":"MOBILIARIO, UTENSILIOS Y ADORNOS MET\u00c1LICOS"}]}]}},"_links":{"self":[{"href":"https:\/\/www.lafraguadedavid.com\/index.php\/wp-json\/wp\/v2\/pages\/103"}],"collection":[{"href":"https:\/\/www.lafraguadedavid.com\/index.php\/wp-json\/wp\/v2\/pages"}],"about":[{"href":"https:\/\/www.lafraguadedavid.com\/index.php\/wp-json\/wp\/v2\/types\/page"}],"author":[{"embeddable":true,"href":"https:\/\/www.lafraguadedavid.com\/index.php\/wp-json\/wp\/v2\/users\/1"}],"replies":[{"embeddable":true,"href":"https:\/\/www.lafraguadedavid.com\/index.php\/wp-json\/wp\/v2\/comments?post=103"}],"version-history":[{"count":4,"href":"https:\/\/www.lafraguadedavid.com\/index.php\/wp-json\/wp\/v2\/pages\/103\/revisions"}],"predecessor-version":[{"id":558,"href":"https:\/\/www.lafraguadedavid.com\/index.php\/wp-json\/wp\/v2\/pages\/103\/revisions\/558"}],"wp:attachment":[{"href":"https:\/\/www.lafraguadedavid.com\/index.php\/wp-json\/wp\/v2\/media?parent=103"}],"curies":[{"name":"wp","href":"https:\/\/api.w.org\/{rel}","templated":true}]}}