
{"id":105,"date":"2022-01-25T14:47:17","date_gmt":"2022-01-25T14:47:17","guid":{"rendered":"https:\/\/www.lafraguadedavid.com\/?page_id=105"},"modified":"2022-02-15T17:13:38","modified_gmt":"2022-02-15T17:13:38","slug":"forja-artistica-y-aguzes","status":"publish","type":"page","link":"https:\/\/www.lafraguadedavid.com\/index.php\/forja-artistica-y-aguzes\/","title":{"rendered":"FORJA ART\u00cdSTICA Y AGUZES"},"content":{"rendered":"\n<h1 class=\"has-text-align-center\"><span class=\"has-inline-color has-palette-color-5-color\">FORJA ART\u00cdSTICA Y AGUZES<\/span><\/h1>\n\n\n\n<h2 class=\"has-text-align-center\"><span class=\"has-inline-color has-palette-color-5-color\">FORJA ART\u00cdSTICA<\/span><\/h2>\n\n\n\n<p class=\"justificar2\">La forja art\u00edstica se realiza en fragua tradicional de carb\u00f3n y abarca un enorme abanico de posibilidades, pudiendo fabricar cualquier elemento en hierro, desde una cancela para la protecci\u00f3n de una puerta hasta un clavo decorativo pasando por una paleta para cocinar o unas patas para un macetero.&nbsp;<\/p>\n\n\n<div class=\"rl-gallery-container rl-loading\" id=\"rl-gallery-container-1\" data-gallery_id=\"420\"> <div class=\"rl-gallery rl-basicgrid-gallery \" id=\"rl-gallery-1\" data-gallery_no=\"1\"> <div class=\"rl-gallery-item\"><a href=\"https:\/\/www.lafraguadedavid.com\/wp-content\/uploads\/2022\/02\/cancela-2.jpg\" title=\"\" data-rl_title=\"\" class=\"rl-gallery-link\" data-rl_caption=\"\" data-rel=\"lightbox-gallery-1\"><img src=\"https:\/\/www.lafraguadedavid.com\/wp-content\/uploads\/2022\/02\/cancela-2-300x169.jpg\" width=\"300\" height=\"169\" \/><\/a><\/div><div class=\"rl-gallery-item\"><a href=\"https:\/\/www.lafraguadedavid.com\/wp-content\/uploads\/2022\/02\/cancela-3.jpg\" title=\"\" data-rl_title=\"\" class=\"rl-gallery-link\" data-rl_caption=\"\" data-rel=\"lightbox-gallery-1\"><img src=\"https:\/\/www.lafraguadedavid.com\/wp-content\/uploads\/2022\/02\/cancela-3-300x169.jpg\" width=\"300\" height=\"169\" \/><\/a><\/div><div class=\"rl-gallery-item\"><a href=\"https:\/\/www.lafraguadedavid.com\/wp-content\/uploads\/2022\/02\/cancela-4.jpg\" title=\"\" data-rl_title=\"\" class=\"rl-gallery-link\" data-rl_caption=\"\" data-rel=\"lightbox-gallery-1\"><img src=\"https:\/\/www.lafraguadedavid.com\/wp-content\/uploads\/2022\/02\/cancela-4-300x169.jpg\" width=\"300\" height=\"169\" \/><\/a><\/div><div class=\"rl-gallery-item\"><a href=\"https:\/\/www.lafraguadedavid.com\/wp-content\/uploads\/2022\/02\/cancela-5.jpg\" title=\"\" data-rl_title=\"\" class=\"rl-gallery-link\" data-rl_caption=\"\" data-rel=\"lightbox-gallery-1\"><img src=\"https:\/\/www.lafraguadedavid.com\/wp-content\/uploads\/2022\/02\/cancela-5-300x169.jpg\" width=\"300\" height=\"169\" \/><\/a><\/div><div class=\"rl-gallery-item\"><a href=\"https:\/\/www.lafraguadedavid.com\/wp-content\/uploads\/2022\/02\/cancela-6.jpg\" title=\"\" data-rl_title=\"\" class=\"rl-gallery-link\" data-rl_caption=\"\" data-rel=\"lightbox-gallery-1\"><img src=\"https:\/\/www.lafraguadedavid.com\/wp-content\/uploads\/2022\/02\/cancela-6-300x169.jpg\" width=\"300\" height=\"169\" \/><\/a><\/div><div class=\"rl-gallery-item\"><a href=\"https:\/\/www.lafraguadedavid.com\/wp-content\/uploads\/2022\/02\/cancela-8.jpg\" title=\"\" data-rl_title=\"\" class=\"rl-gallery-link\" data-rl_caption=\"\" data-rel=\"lightbox-gallery-1\"><img src=\"https:\/\/www.lafraguadedavid.com\/wp-content\/uploads\/2022\/02\/cancela-8-300x169.jpg\" width=\"300\" height=\"169\" \/><\/a><\/div><div class=\"rl-gallery-item\"><a href=\"https:\/\/www.lafraguadedavid.com\/wp-content\/uploads\/2022\/02\/cancela-10.jpg\" title=\"\" data-rl_title=\"\" class=\"rl-gallery-link\" data-rl_caption=\"\" data-rel=\"lightbox-gallery-1\"><img src=\"https:\/\/www.lafraguadedavid.com\/wp-content\/uploads\/2022\/02\/cancela-10-300x169.jpg\" width=\"300\" height=\"169\" \/><\/a><\/div><div class=\"rl-gallery-item\"><a href=\"https:\/\/www.lafraguadedavid.com\/wp-content\/uploads\/2022\/02\/cancela-12.jpg\" title=\"\" data-rl_title=\"\" class=\"rl-gallery-link\" data-rl_caption=\"\" data-rel=\"lightbox-gallery-1\"><img src=\"https:\/\/www.lafraguadedavid.com\/wp-content\/uploads\/2022\/02\/cancela-12-212x300.jpg\" width=\"212\" height=\"300\" \/><\/a><\/div><div class=\"rl-gallery-item\"><a href=\"https:\/\/www.lafraguadedavid.com\/wp-content\/uploads\/2022\/02\/20150810_193524-1.jpg\" title=\"\" data-rl_title=\"\" class=\"rl-gallery-link\" data-rl_caption=\"\" data-rel=\"lightbox-gallery-1\"><img src=\"https:\/\/www.lafraguadedavid.com\/wp-content\/uploads\/2022\/02\/20150810_193524-1-169x300.jpg\" width=\"169\" height=\"300\" \/><\/a><\/div><div class=\"rl-gallery-item\"><a href=\"https:\/\/www.lafraguadedavid.com\/wp-content\/uploads\/2022\/02\/20150810_193638-1.jpg\" title=\"\" data-rl_title=\"\" class=\"rl-gallery-link\" data-rl_caption=\"\" data-rel=\"lightbox-gallery-1\"><img src=\"https:\/\/www.lafraguadedavid.com\/wp-content\/uploads\/2022\/02\/20150810_193638-1-300x169.jpg\" width=\"300\" height=\"169\" \/><\/a><\/div><div class=\"rl-gallery-item\"><a href=\"https:\/\/www.lafraguadedavid.com\/wp-content\/uploads\/2022\/02\/20150810_193706-1.jpg\" title=\"\" data-rl_title=\"\" class=\"rl-gallery-link\" data-rl_caption=\"\" data-rel=\"lightbox-gallery-1\"><img src=\"https:\/\/www.lafraguadedavid.com\/wp-content\/uploads\/2022\/02\/20150810_193706-1-169x300.jpg\" width=\"169\" height=\"300\" \/><\/a><\/div> <\/div> <\/div>\n\n\n\n<h2 class=\"has-text-align-center\"><span class=\"has-inline-color has-palette-color-5-color\">AGUZES<\/span><\/h2>\n\n\n\n<p class=\"justificar2\">Aguzamos y templamos cortafr\u00edos y punteros, azadas, picos, barras y estacas, etc.<\/p>\n\n\n<div class=\"rl-gallery-container rl-loading\" id=\"rl-gallery-container-2\" data-gallery_id=\"421\"> <div class=\"rl-gallery rl-basicgrid-gallery \" id=\"rl-gallery-2\" data-gallery_no=\"2\"> <div class=\"rl-gallery-item\"><a href=\"https:\/\/www.lafraguadedavid.com\/wp-content\/uploads\/2022\/02\/20220124_173716.jpg\" title=\"\" data-rl_title=\"\" class=\"rl-gallery-link\" data-rl_caption=\"\" data-rel=\"lightbox-gallery-2\"><img src=\"https:\/\/www.lafraguadedavid.com\/wp-content\/uploads\/2022\/02\/20220124_173716-300x225.jpg\" width=\"300\" height=\"225\" \/><\/a><\/div><div class=\"rl-gallery-item\"><a href=\"https:\/\/www.lafraguadedavid.com\/wp-content\/uploads\/2022\/02\/20220203_170534.jpg\" title=\"\" data-rl_title=\"\" class=\"rl-gallery-link\" data-rl_caption=\"\" data-rel=\"lightbox-gallery-2\"><img src=\"https:\/\/www.lafraguadedavid.com\/wp-content\/uploads\/2022\/02\/20220203_170534-225x300.jpg\" width=\"225\" height=\"300\" \/><\/a><\/div><div class=\"rl-gallery-item\"><a href=\"https:\/\/www.lafraguadedavid.com\/wp-content\/uploads\/2022\/02\/20220203_182303.jpg\" title=\"\" data-rl_title=\"\" class=\"rl-gallery-link\" data-rl_caption=\"\" data-rel=\"lightbox-gallery-2\"><img src=\"https:\/\/www.lafraguadedavid.com\/wp-content\/uploads\/2022\/02\/20220203_182303-225x300.jpg\" width=\"225\" height=\"300\" \/><\/a><\/div> <\/div> <\/div>\n\n\n\n<p><\/p>\n","protected":false},"excerpt":{"rendered":"<p>FORJA ART\u00cdSTICA Y AGUZES FORJA ART\u00cdSTICA La forja art\u00edstica se realiza en fragua tradicional de carb\u00f3n y abarca un enorme abanico de posibilidades, pudiendo fabricar cualquier elemento en hierro, desde una cancela para la protecci\u00f3n de una puerta hasta un clavo decorativo pasando por una paleta para cocinar o unas patas para un macetero.&nbsp; AGUZES Aguzamos y templamos cortafr\u00edos y punteros, azadas, picos, barras y estacas, etc.<\/p>\n","protected":false},"author":1,"featured_media":0,"parent":0,"menu_order":0,"comment_status":"closed","ping_status":"closed","template":"","meta":[],"blocksy_meta":{"styles_descriptor":{"styles":{"desktop":"","tablet":"","mobile":""},"google_fonts":[],"version":4}},"yoast_head":"<!-- This site is optimized with the Yoast SEO plugin v18.1 - https:\/\/yoast.com\/wordpress\/plugins\/seo\/ -->\n<title>FORJA ART\u00cdSTICA Y AGUZES - La Fragua de David<\/title>\n<meta name=\"robots\" content=\"index, follow, max-snippet:-1, max-image-preview:large, max-video-preview:-1\" \/>\n<link rel=\"canonical\" href=\"https:\/\/www.lafraguadedavid.com\/index.php\/forja-artistica-y-aguzes\/\" \/>\n<meta property=\"og:locale\" content=\"es_ES\" \/>\n<meta property=\"og:type\" content=\"article\" \/>\n<meta property=\"og:title\" content=\"FORJA ART\u00cdSTICA Y AGUZES - La Fragua de David\" \/>\n<meta property=\"og:description\" content=\"FORJA ART\u00cdSTICA Y AGUZES FORJA ART\u00cdSTICA La forja art\u00edstica se realiza en fragua tradicional de carb\u00f3n y abarca un enorme abanico de posibilidades, pudiendo fabricar cualquier elemento en hierro, desde una cancela para la protecci\u00f3n de una puerta hasta un clavo decorativo pasando por una paleta para cocinar o unas patas para un macetero.&nbsp; AGUZES Aguzamos y templamos cortafr\u00edos y punteros, azadas, picos, barras y estacas, etc.\" \/>\n<meta property=\"og:url\" content=\"https:\/\/www.lafraguadedavid.com\/index.php\/forja-artistica-y-aguzes\/\" \/>\n<meta property=\"og:site_name\" content=\"La Fragua de David\" \/>\n<meta property=\"article:modified_time\" content=\"2022-02-15T17:13:38+00:00\" \/>\n<meta name=\"twitter:card\" content=\"summary_large_image\" \/>\n<meta name=\"twitter:label1\" content=\"Tiempo de lectura\" \/>\n\t<meta name=\"twitter:data1\" content=\"1 minuto\" \/>\n<script type=\"application\/ld+json\" class=\"yoast-schema-graph\">{\"@context\":\"https:\/\/schema.org\",\"@graph\":[{\"@type\":\"WebSite\",\"@id\":\"https:\/\/www.lafraguadedavid.com\/#website\",\"url\":\"https:\/\/www.lafraguadedavid.com\/\",\"name\":\"La Fragua de David\",\"description\":\"\",\"potentialAction\":[{\"@type\":\"SearchAction\",\"target\":{\"@type\":\"EntryPoint\",\"urlTemplate\":\"https:\/\/www.lafraguadedavid.com\/?s={search_term_string}\"},\"query-input\":\"required name=search_term_string\"}],\"inLanguage\":\"es\"},{\"@type\":\"WebPage\",\"@id\":\"https:\/\/www.lafraguadedavid.com\/index.php\/forja-artistica-y-aguzes\/#webpage\",\"url\":\"https:\/\/www.lafraguadedavid.com\/index.php\/forja-artistica-y-aguzes\/\",\"name\":\"FORJA ART\u00cdSTICA Y AGUZES - La Fragua de David\",\"isPartOf\":{\"@id\":\"https:\/\/www.lafraguadedavid.com\/#website\"},\"datePublished\":\"2022-01-25T14:47:17+00:00\",\"dateModified\":\"2022-02-15T17:13:38+00:00\",\"breadcrumb\":{\"@id\":\"https:\/\/www.lafraguadedavid.com\/index.php\/forja-artistica-y-aguzes\/#breadcrumb\"},\"inLanguage\":\"es\",\"potentialAction\":[{\"@type\":\"ReadAction\",\"target\":[\"https:\/\/www.lafraguadedavid.com\/index.php\/forja-artistica-y-aguzes\/\"]}]},{\"@type\":\"BreadcrumbList\",\"@id\":\"https:\/\/www.lafraguadedavid.com\/index.php\/forja-artistica-y-aguzes\/#breadcrumb\",\"itemListElement\":[{\"@type\":\"ListItem\",\"position\":1,\"name\":\"Portada\",\"item\":\"https:\/\/www.lafraguadedavid.com\/\"},{\"@type\":\"ListItem\",\"position\":2,\"name\":\"FORJA ART\u00cdSTICA Y AGUZES\"}]}]}<\/script>\n<!-- \/ Yoast SEO plugin. -->","yoast_head_json":{"title":"FORJA ART\u00cdSTICA Y AGUZES - La Fragua de David","robots":{"index":"index","follow":"follow","max-snippet":"max-snippet:-1","max-image-preview":"max-image-preview:large","max-video-preview":"max-video-preview:-1"},"canonical":"https:\/\/www.lafraguadedavid.com\/index.php\/forja-artistica-y-aguzes\/","og_locale":"es_ES","og_type":"article","og_title":"FORJA ART\u00cdSTICA Y AGUZES - La Fragua de David","og_description":"FORJA ART\u00cdSTICA Y AGUZES FORJA ART\u00cdSTICA La forja art\u00edstica se realiza en fragua tradicional de carb\u00f3n y abarca un enorme abanico de posibilidades, pudiendo fabricar cualquier elemento en hierro, desde una cancela para la protecci\u00f3n de una puerta hasta un clavo decorativo pasando por una paleta para cocinar o unas patas para un macetero.&nbsp; AGUZES Aguzamos y templamos cortafr\u00edos y punteros, azadas, picos, barras y estacas, etc.","og_url":"https:\/\/www.lafraguadedavid.com\/index.php\/forja-artistica-y-aguzes\/","og_site_name":"La Fragua de David","article_modified_time":"2022-02-15T17:13:38+00:00","twitter_card":"summary_large_image","twitter_misc":{"Tiempo de lectura":"1 minuto"},"schema":{"@context":"https:\/\/schema.org","@graph":[{"@type":"WebSite","@id":"https:\/\/www.lafraguadedavid.com\/#website","url":"https:\/\/www.lafraguadedavid.com\/","name":"La Fragua de David","description":"","potentialAction":[{"@type":"SearchAction","target":{"@type":"EntryPoint","urlTemplate":"https:\/\/www.lafraguadedavid.com\/?s={search_term_string}"},"query-input":"required name=search_term_string"}],"inLanguage":"es"},{"@type":"WebPage","@id":"https:\/\/www.lafraguadedavid.com\/index.php\/forja-artistica-y-aguzes\/#webpage","url":"https:\/\/www.lafraguadedavid.com\/index.php\/forja-artistica-y-aguzes\/","name":"FORJA ART\u00cdSTICA Y AGUZES - La Fragua de David","isPartOf":{"@id":"https:\/\/www.lafraguadedavid.com\/#website"},"datePublished":"2022-01-25T14:47:17+00:00","dateModified":"2022-02-15T17:13:38+00:00","breadcrumb":{"@id":"https:\/\/www.lafraguadedavid.com\/index.php\/forja-artistica-y-aguzes\/#breadcrumb"},"inLanguage":"es","potentialAction":[{"@type":"ReadAction","target":["https:\/\/www.lafraguadedavid.com\/index.php\/forja-artistica-y-aguzes\/"]}]},{"@type":"BreadcrumbList","@id":"https:\/\/www.lafraguadedavid.com\/index.php\/forja-artistica-y-aguzes\/#breadcrumb","itemListElement":[{"@type":"ListItem","position":1,"name":"Portada","item":"https:\/\/www.lafraguadedavid.com\/"},{"@type":"ListItem","position":2,"name":"FORJA ART\u00cdSTICA Y AGUZES"}]}]}},"_links":{"self":[{"href":"https:\/\/www.lafraguadedavid.com\/index.php\/wp-json\/wp\/v2\/pages\/105"}],"collection":[{"href":"https:\/\/www.lafraguadedavid.com\/index.php\/wp-json\/wp\/v2\/pages"}],"about":[{"href":"https:\/\/www.lafraguadedavid.com\/index.php\/wp-json\/wp\/v2\/types\/page"}],"author":[{"embeddable":true,"href":"https:\/\/www.lafraguadedavid.com\/index.php\/wp-json\/wp\/v2\/users\/1"}],"replies":[{"embeddable":true,"href":"https:\/\/www.lafraguadedavid.com\/index.php\/wp-json\/wp\/v2\/comments?post=105"}],"version-history":[{"count":8,"href":"https:\/\/www.lafraguadedavid.com\/index.php\/wp-json\/wp\/v2\/pages\/105\/revisions"}],"predecessor-version":[{"id":437,"href":"https:\/\/www.lafraguadedavid.com\/index.php\/wp-json\/wp\/v2\/pages\/105\/revisions\/437"}],"wp:attachment":[{"href":"https:\/\/www.lafraguadedavid.com\/index.php\/wp-json\/wp\/v2\/media?parent=105"}],"curies":[{"name":"wp","href":"https:\/\/api.w.org\/{rel}","templated":true}]}}