
{"id":107,"date":"2022-01-25T14:47:47","date_gmt":"2022-01-25T14:47:47","guid":{"rendered":"https:\/\/www.lafraguadedavid.com\/?page_id=107"},"modified":"2022-02-15T17:18:47","modified_gmt":"2022-02-15T17:18:47","slug":"carpinteria-metalica","status":"publish","type":"page","link":"https:\/\/www.lafraguadedavid.com\/index.php\/carpinteria-metalica\/","title":{"rendered":"CARPINTER\u00cdA MET\u00c1LICA"},"content":{"rendered":"\n<h1 class=\"has-text-align-center\"><span class=\"has-inline-color has-palette-color-5-color\">CARPINTER\u00cdA MET\u00c1LICA<\/span><\/h1>\n\n\n\n<h2 class=\"has-text-align-center\"><span class=\"has-inline-color has-palette-color-5-color\">CARPINTER\u00cdA EN HIERRO<\/span><\/h2>\n\n\n\n<p class=\"justificar2\">La carpinter\u00eda de hierro tal y como la conocemos est\u00e1 destinada a puertas de calle y de garaje, rejas de protecci\u00f3n y verjas de cerramientos, barandillas de escalera y divisorias, todo ello combinando conformados tubulares, macizos, ornamentales y estructurales y como no, adorn\u00e1ndolos con elementos fundidos, forjados o simplemente exento de ellos.<\/p>\n\n\n<div class=\"rl-gallery-container rl-loading\" id=\"rl-gallery-container-1\" data-gallery_id=\"438\"> <div class=\"rl-gallery rl-basicgrid-gallery \" id=\"rl-gallery-1\" data-gallery_no=\"1\"> <div class=\"rl-gallery-item\"><a href=\"https:\/\/www.lafraguadedavid.com\/wp-content\/uploads\/2022\/02\/2014-01-29-18.32.54.jpg\" title=\"\" data-rl_title=\"\" class=\"rl-gallery-link\" data-rl_caption=\"\" data-rel=\"lightbox-gallery-1\"><img src=\"https:\/\/www.lafraguadedavid.com\/wp-content\/uploads\/2022\/02\/2014-01-29-18.32.54-300x225.jpg\" width=\"300\" height=\"225\" \/><\/a><\/div><div class=\"rl-gallery-item\"><a href=\"https:\/\/www.lafraguadedavid.com\/wp-content\/uploads\/2022\/02\/2014-01-29-18.33.30.jpg\" title=\"\" data-rl_title=\"\" class=\"rl-gallery-link\" data-rl_caption=\"\" data-rel=\"lightbox-gallery-1\"><img src=\"https:\/\/www.lafraguadedavid.com\/wp-content\/uploads\/2022\/02\/2014-01-29-18.33.30-225x300.jpg\" width=\"225\" height=\"300\" \/><\/a><\/div><div class=\"rl-gallery-item\"><a href=\"https:\/\/www.lafraguadedavid.com\/wp-content\/uploads\/2022\/02\/20160616_202705.jpg\" title=\"\" data-rl_title=\"\" class=\"rl-gallery-link\" data-rl_caption=\"\" data-rel=\"lightbox-gallery-1\"><img src=\"https:\/\/www.lafraguadedavid.com\/wp-content\/uploads\/2022\/02\/20160616_202705-300x169.jpg\" width=\"300\" height=\"169\" \/><\/a><\/div><div class=\"rl-gallery-item\"><a href=\"https:\/\/www.lafraguadedavid.com\/wp-content\/uploads\/2022\/02\/20190225_124645.jpg\" title=\"\" data-rl_title=\"\" class=\"rl-gallery-link\" data-rl_caption=\"\" data-rel=\"lightbox-gallery-1\"><img src=\"https:\/\/www.lafraguadedavid.com\/wp-content\/uploads\/2022\/02\/20190225_124645-225x300.jpg\" width=\"225\" height=\"300\" \/><\/a><\/div><div class=\"rl-gallery-item\"><a href=\"https:\/\/www.lafraguadedavid.com\/wp-content\/uploads\/2022\/02\/20190801_100649.jpg\" title=\"\" data-rl_title=\"\" class=\"rl-gallery-link\" data-rl_caption=\"\" data-rel=\"lightbox-gallery-1\"><img src=\"https:\/\/www.lafraguadedavid.com\/wp-content\/uploads\/2022\/02\/20190801_100649-300x225.jpg\" width=\"300\" height=\"225\" \/><\/a><\/div><div class=\"rl-gallery-item\"><a href=\"https:\/\/www.lafraguadedavid.com\/wp-content\/uploads\/2022\/02\/20200204_134846.jpg\" title=\"\" data-rl_title=\"\" class=\"rl-gallery-link\" data-rl_caption=\"\" data-rel=\"lightbox-gallery-1\"><img src=\"https:\/\/www.lafraguadedavid.com\/wp-content\/uploads\/2022\/02\/20200204_134846-300x225.jpg\" width=\"300\" height=\"225\" \/><\/a><\/div><div class=\"rl-gallery-item\"><a href=\"https:\/\/www.lafraguadedavid.com\/wp-content\/uploads\/2022\/02\/04122008001.jpg\" title=\"\" data-rl_title=\"\" class=\"rl-gallery-link\" data-rl_caption=\"\" data-rel=\"lightbox-gallery-1\"><img src=\"https:\/\/www.lafraguadedavid.com\/wp-content\/uploads\/2022\/02\/04122008001-300x225.jpg\" width=\"300\" height=\"225\" \/><\/a><\/div><div class=\"rl-gallery-item\"><a href=\"https:\/\/www.lafraguadedavid.com\/wp-content\/uploads\/2022\/02\/04122008003.jpg\" title=\"\" data-rl_title=\"\" class=\"rl-gallery-link\" data-rl_caption=\"\" data-rel=\"lightbox-gallery-1\"><img src=\"https:\/\/www.lafraguadedavid.com\/wp-content\/uploads\/2022\/02\/04122008003-300x225.jpg\" width=\"300\" height=\"225\" \/><\/a><\/div><div class=\"rl-gallery-item\"><a href=\"https:\/\/www.lafraguadedavid.com\/wp-content\/uploads\/2022\/02\/05102011143.jpg\" title=\"\" data-rl_title=\"\" class=\"rl-gallery-link\" data-rl_caption=\"\" data-rel=\"lightbox-gallery-1\"><img src=\"https:\/\/www.lafraguadedavid.com\/wp-content\/uploads\/2022\/02\/05102011143-300x225.jpg\" width=\"300\" height=\"225\" \/><\/a><\/div><div class=\"rl-gallery-item\"><a href=\"https:\/\/www.lafraguadedavid.com\/wp-content\/uploads\/2022\/02\/05102011148.jpg\" title=\"\" data-rl_title=\"\" class=\"rl-gallery-link\" data-rl_caption=\"\" data-rel=\"lightbox-gallery-1\"><img src=\"https:\/\/www.lafraguadedavid.com\/wp-content\/uploads\/2022\/02\/05102011148-300x225.jpg\" width=\"300\" height=\"225\" \/><\/a><\/div><div class=\"rl-gallery-item\"><a href=\"https:\/\/www.lafraguadedavid.com\/wp-content\/uploads\/2022\/02\/12052009093.jpg\" title=\"\" data-rl_title=\"\" class=\"rl-gallery-link\" data-rl_caption=\"\" data-rel=\"lightbox-gallery-1\"><img src=\"https:\/\/www.lafraguadedavid.com\/wp-content\/uploads\/2022\/02\/12052009093-300x225.jpg\" width=\"300\" height=\"225\" \/><\/a><\/div><div class=\"rl-gallery-item\"><a href=\"https:\/\/www.lafraguadedavid.com\/wp-content\/uploads\/2022\/02\/19042011029-scaled.jpg\" title=\"\" data-rl_title=\"\" class=\"rl-gallery-link\" data-rl_caption=\"\" data-rel=\"lightbox-gallery-1\"><img src=\"https:\/\/www.lafraguadedavid.com\/wp-content\/uploads\/2022\/02\/19042011029-300x168.jpg\" width=\"300\" height=\"168\" \/><\/a><\/div><div class=\"rl-gallery-item\"><a href=\"https:\/\/www.lafraguadedavid.com\/wp-content\/uploads\/2022\/02\/19042011035-scaled.jpg\" title=\"\" data-rl_title=\"\" class=\"rl-gallery-link\" data-rl_caption=\"\" data-rel=\"lightbox-gallery-1\"><img src=\"https:\/\/www.lafraguadedavid.com\/wp-content\/uploads\/2022\/02\/19042011035-168x300.jpg\" width=\"168\" height=\"300\" \/><\/a><\/div><div class=\"rl-gallery-item\"><a href=\"https:\/\/www.lafraguadedavid.com\/wp-content\/uploads\/2022\/02\/19042011038-scaled.jpg\" title=\"\" data-rl_title=\"\" class=\"rl-gallery-link\" data-rl_caption=\"\" data-rel=\"lightbox-gallery-1\"><img src=\"https:\/\/www.lafraguadedavid.com\/wp-content\/uploads\/2022\/02\/19042011038-168x300.jpg\" width=\"168\" height=\"300\" \/><\/a><\/div><div class=\"rl-gallery-item\"><a href=\"https:\/\/www.lafraguadedavid.com\/wp-content\/uploads\/2022\/02\/24042009077.jpg\" title=\"\" data-rl_title=\"\" class=\"rl-gallery-link\" data-rl_caption=\"\" data-rel=\"lightbox-gallery-1\"><img src=\"https:\/\/www.lafraguadedavid.com\/wp-content\/uploads\/2022\/02\/24042009077-225x300.jpg\" width=\"225\" height=\"300\" \/><\/a><\/div><div class=\"rl-gallery-item\"><a href=\"https:\/\/www.lafraguadedavid.com\/wp-content\/uploads\/2022\/02\/24042009081.jpg\" title=\"\" data-rl_title=\"\" class=\"rl-gallery-link\" data-rl_caption=\"\" data-rel=\"lightbox-gallery-1\"><img src=\"https:\/\/www.lafraguadedavid.com\/wp-content\/uploads\/2022\/02\/24042009081-225x300.jpg\" width=\"225\" height=\"300\" \/><\/a><\/div><div class=\"rl-gallery-item\"><a href=\"https:\/\/www.lafraguadedavid.com\/wp-content\/uploads\/2022\/02\/c7-13-04-11-226.jpg\" title=\"\" data-rl_title=\"\" class=\"rl-gallery-link\" data-rl_caption=\"\" data-rel=\"lightbox-gallery-1\"><img src=\"https:\/\/www.lafraguadedavid.com\/wp-content\/uploads\/2022\/02\/c7-13-04-11-226-300x168.jpg\" width=\"300\" height=\"168\" \/><\/a><\/div><div class=\"rl-gallery-item\"><a href=\"https:\/\/www.lafraguadedavid.com\/wp-content\/uploads\/2022\/02\/corral-3.jpg\" title=\"\" data-rl_title=\"\" class=\"rl-gallery-link\" data-rl_caption=\"\" data-rel=\"lightbox-gallery-1\"><img src=\"https:\/\/www.lafraguadedavid.com\/wp-content\/uploads\/2022\/02\/corral-3-300x225.jpg\" width=\"300\" height=\"225\" \/><\/a><\/div><div class=\"rl-gallery-item\"><a href=\"https:\/\/www.lafraguadedavid.com\/wp-content\/uploads\/2022\/02\/d.jpg\" title=\"\" data-rl_title=\"\" class=\"rl-gallery-link\" data-rl_caption=\"\" data-rel=\"lightbox-gallery-1\"><img src=\"https:\/\/www.lafraguadedavid.com\/wp-content\/uploads\/2022\/02\/d-300x225.jpg\" width=\"300\" height=\"225\" \/><\/a><\/div><div class=\"rl-gallery-item\"><a href=\"https:\/\/www.lafraguadedavid.com\/wp-content\/uploads\/2022\/02\/IMG_20141104_135712.jpg\" title=\"\" data-rl_title=\"\" class=\"rl-gallery-link\" data-rl_caption=\"\" data-rel=\"lightbox-gallery-1\"><img src=\"https:\/\/www.lafraguadedavid.com\/wp-content\/uploads\/2022\/02\/IMG_20141104_135712-300x225.jpg\" width=\"300\" height=\"225\" \/><\/a><\/div><div class=\"rl-gallery-item\"><a href=\"https:\/\/www.lafraguadedavid.com\/wp-content\/uploads\/2022\/02\/IMG_20141104_142538-scaled.jpg\" title=\"\" data-rl_title=\"\" class=\"rl-gallery-link\" data-rl_caption=\"\" data-rel=\"lightbox-gallery-1\"><img src=\"https:\/\/www.lafraguadedavid.com\/wp-content\/uploads\/2022\/02\/IMG_20141104_142538-300x225.jpg\" width=\"300\" height=\"225\" \/><\/a><\/div><div class=\"rl-gallery-item\"><a href=\"https:\/\/www.lafraguadedavid.com\/wp-content\/uploads\/2022\/02\/IMG-20140310-WA0001.jpg\" title=\"\" data-rl_title=\"\" class=\"rl-gallery-link\" data-rl_caption=\"\" data-rel=\"lightbox-gallery-1\"><img src=\"https:\/\/www.lafraguadedavid.com\/wp-content\/uploads\/2022\/02\/IMG-20140310-WA0001-300x169.jpg\" width=\"300\" height=\"169\" \/><\/a><\/div><div class=\"rl-gallery-item\"><a href=\"https:\/\/www.lafraguadedavid.com\/wp-content\/uploads\/2022\/02\/IMG-20180517-WA0010.jpg\" title=\"\" data-rl_title=\"\" class=\"rl-gallery-link\" data-rl_caption=\"\" data-rel=\"lightbox-gallery-1\"><img src=\"https:\/\/www.lafraguadedavid.com\/wp-content\/uploads\/2022\/02\/IMG-20180517-WA0010-225x300.jpg\" width=\"225\" height=\"300\" \/><\/a><\/div><div class=\"rl-gallery-item\"><a href=\"https:\/\/www.lafraguadedavid.com\/wp-content\/uploads\/2022\/02\/IMG-20180518-WA0002.jpg\" title=\"\" data-rl_title=\"\" class=\"rl-gallery-link\" data-rl_caption=\"\" data-rel=\"lightbox-gallery-1\"><img src=\"https:\/\/www.lafraguadedavid.com\/wp-content\/uploads\/2022\/02\/IMG-20180518-WA0002-225x300.jpg\" width=\"225\" height=\"300\" \/><\/a><\/div><div class=\"rl-gallery-item\"><a href=\"https:\/\/www.lafraguadedavid.com\/wp-content\/uploads\/2022\/02\/MODELO-2.jpg\" title=\"\" data-rl_title=\"\" class=\"rl-gallery-link\" data-rl_caption=\"\" data-rel=\"lightbox-gallery-1\"><img src=\"https:\/\/www.lafraguadedavid.com\/wp-content\/uploads\/2022\/02\/MODELO-2-300x225.jpg\" width=\"300\" height=\"225\" \/><\/a><\/div><div class=\"rl-gallery-item\"><a href=\"https:\/\/www.lafraguadedavid.com\/wp-content\/uploads\/2022\/02\/MODELO-4.jpg\" title=\"\" data-rl_title=\"\" class=\"rl-gallery-link\" data-rl_caption=\"\" data-rel=\"lightbox-gallery-1\"><img src=\"https:\/\/www.lafraguadedavid.com\/wp-content\/uploads\/2022\/02\/MODELO-4-300x225.jpg\" width=\"300\" height=\"225\" \/><\/a><\/div><div class=\"rl-gallery-item\"><a href=\"https:\/\/www.lafraguadedavid.com\/wp-content\/uploads\/2022\/02\/recortar.jpg\" title=\"\" data-rl_title=\"\" class=\"rl-gallery-link\" data-rl_caption=\"\" data-rel=\"lightbox-gallery-1\"><img src=\"https:\/\/www.lafraguadedavid.com\/wp-content\/uploads\/2022\/02\/recortar-261x300.jpg\" width=\"261\" height=\"300\" \/><\/a><\/div><div class=\"rl-gallery-item\"><a href=\"https:\/\/www.lafraguadedavid.com\/wp-content\/uploads\/2022\/02\/REJA-D.jpg\" title=\"\" data-rl_title=\"\" class=\"rl-gallery-link\" data-rl_caption=\"\" data-rel=\"lightbox-gallery-1\"><img src=\"https:\/\/www.lafraguadedavid.com\/wp-content\/uploads\/2022\/02\/REJA-D-300x225.jpg\" width=\"300\" height=\"225\" \/><\/a><\/div> <\/div> <\/div>\n\n\n\n<h2 class=\"has-text-align-center\"><span class=\"has-inline-color has-palette-color-5-color\">CARPINTER\u00cdA EN ALUMINIO<\/span><\/h2>\n\n\n\n<p class=\"justificar2\">La carpinter\u00eda en aluminio est\u00e1 destinada a la elaboraci\u00f3n de ventanas, puertas, cerramientos, fachadas y cubiertas en todo su \u00e1mbito, y hoy d\u00eda en cualquier acabado de color, textura, aislamiento y movimiento.&nbsp;&nbsp;&nbsp;&nbsp;&nbsp;<\/p>\n\n\n<div class=\"rl-gallery-container rl-loading\" id=\"rl-gallery-container-2\" data-gallery_id=\"468\"> <div class=\"rl-gallery rl-basicgrid-gallery \" id=\"rl-gallery-2\" data-gallery_no=\"2\"> <div class=\"rl-gallery-item\"><a href=\"https:\/\/www.lafraguadedavid.com\/wp-content\/uploads\/2022\/02\/2012-10-04-19.01.42.jpg\" title=\"\" data-rl_title=\"\" class=\"rl-gallery-link\" data-rl_caption=\"\" data-rel=\"lightbox-gallery-2\"><img src=\"https:\/\/www.lafraguadedavid.com\/wp-content\/uploads\/2022\/02\/2012-10-04-19.01.42-300x225.jpg\" width=\"300\" height=\"225\" \/><\/a><\/div><div class=\"rl-gallery-item\"><a href=\"https:\/\/www.lafraguadedavid.com\/wp-content\/uploads\/2022\/02\/2012-12-28-16.26.53-1.jpg\" title=\"\" data-rl_title=\"\" class=\"rl-gallery-link\" data-rl_caption=\"\" data-rel=\"lightbox-gallery-2\"><img src=\"https:\/\/www.lafraguadedavid.com\/wp-content\/uploads\/2022\/02\/2012-12-28-16.26.53-1-300x225.jpg\" width=\"300\" height=\"225\" \/><\/a><\/div><div class=\"rl-gallery-item\"><a href=\"https:\/\/www.lafraguadedavid.com\/wp-content\/uploads\/2022\/02\/20161110_172751.jpg\" title=\"\" data-rl_title=\"\" class=\"rl-gallery-link\" data-rl_caption=\"\" data-rel=\"lightbox-gallery-2\"><img src=\"https:\/\/www.lafraguadedavid.com\/wp-content\/uploads\/2022\/02\/20161110_172751-169x300.jpg\" width=\"169\" height=\"300\" \/><\/a><\/div><div class=\"rl-gallery-item\"><a href=\"https:\/\/www.lafraguadedavid.com\/wp-content\/uploads\/2022\/02\/20161110_172830.jpg\" title=\"\" data-rl_title=\"\" class=\"rl-gallery-link\" data-rl_caption=\"\" data-rel=\"lightbox-gallery-2\"><img src=\"https:\/\/www.lafraguadedavid.com\/wp-content\/uploads\/2022\/02\/20161110_172830-169x300.jpg\" width=\"169\" height=\"300\" \/><\/a><\/div><div class=\"rl-gallery-item\"><a href=\"https:\/\/www.lafraguadedavid.com\/wp-content\/uploads\/2022\/02\/20180521_174822.jpg\" title=\"\" data-rl_title=\"\" class=\"rl-gallery-link\" data-rl_caption=\"\" data-rel=\"lightbox-gallery-2\"><img src=\"https:\/\/www.lafraguadedavid.com\/wp-content\/uploads\/2022\/02\/20180521_174822-300x225.jpg\" width=\"300\" height=\"225\" \/><\/a><\/div><div class=\"rl-gallery-item\"><a href=\"https:\/\/www.lafraguadedavid.com\/wp-content\/uploads\/2022\/02\/20180827_193043.jpg\" title=\"\" data-rl_title=\"\" class=\"rl-gallery-link\" data-rl_caption=\"\" data-rel=\"lightbox-gallery-2\"><img src=\"https:\/\/www.lafraguadedavid.com\/wp-content\/uploads\/2022\/02\/20180827_193043-300x225.jpg\" width=\"300\" height=\"225\" \/><\/a><\/div><div class=\"rl-gallery-item\"><a href=\"https:\/\/www.lafraguadedavid.com\/wp-content\/uploads\/2022\/02\/20200330_145641.jpg\" title=\"\" data-rl_title=\"\" class=\"rl-gallery-link\" data-rl_caption=\"\" data-rel=\"lightbox-gallery-2\"><img src=\"https:\/\/www.lafraguadedavid.com\/wp-content\/uploads\/2022\/02\/20200330_145641-225x300.jpg\" width=\"225\" height=\"300\" \/><\/a><\/div><div class=\"rl-gallery-item\"><a href=\"https:\/\/www.lafraguadedavid.com\/wp-content\/uploads\/2022\/02\/17062011064-1.jpg\" title=\"\" data-rl_title=\"\" class=\"rl-gallery-link\" data-rl_caption=\"\" data-rel=\"lightbox-gallery-2\"><img src=\"https:\/\/www.lafraguadedavid.com\/wp-content\/uploads\/2022\/02\/17062011064-1-300x168.jpg\" width=\"300\" height=\"168\" \/><\/a><\/div><div class=\"rl-gallery-item\"><a href=\"https:\/\/www.lafraguadedavid.com\/wp-content\/uploads\/2022\/02\/IMG_20140814_164712.jpg\" title=\"\" data-rl_title=\"\" class=\"rl-gallery-link\" data-rl_caption=\"\" data-rel=\"lightbox-gallery-2\"><img src=\"https:\/\/www.lafraguadedavid.com\/wp-content\/uploads\/2022\/02\/IMG_20140814_164712-225x300.jpg\" width=\"225\" height=\"300\" \/><\/a><\/div><div class=\"rl-gallery-item\"><a href=\"https:\/\/www.lafraguadedavid.com\/wp-content\/uploads\/2022\/02\/IMG-20180521-WA0000.jpg\" title=\"\" data-rl_title=\"\" class=\"rl-gallery-link\" data-rl_caption=\"\" data-rel=\"lightbox-gallery-2\"><img src=\"https:\/\/www.lafraguadedavid.com\/wp-content\/uploads\/2022\/02\/IMG-20180521-WA0000-225x300.jpg\" width=\"225\" height=\"300\" \/><\/a><\/div> <\/div> <\/div>\n\n\n\n<h2 class=\"has-text-align-center\"><span class=\"has-inline-color has-palette-color-5-color\">CARPINTER\u00cdA EN ACERO INOX<\/span><\/h2>\n\n\n\n<p class=\"justificar2\">La carpinter\u00eda en acero inoxidable est\u00e1 cada d\u00eda m\u00e1s introducida en los productos usuales de la vida cotidiana ya que es un material enormemente imperecedero y muy vers\u00e1til para la fabricaci\u00f3n de cualquier elemento de protecci\u00f3n, paso o uso.<\/p>\n\n\n<div class=\"rl-gallery-container rl-loading\" id=\"rl-gallery-container-3\" data-gallery_id=\"480\"> <div class=\"rl-gallery rl-basicgrid-gallery \" id=\"rl-gallery-3\" data-gallery_no=\"3\"> <div class=\"rl-gallery-item\"><a href=\"https:\/\/www.lafraguadedavid.com\/wp-content\/uploads\/2022\/02\/IMG_20141104_135442.jpg\" title=\"\" data-rl_title=\"\" class=\"rl-gallery-link\" data-rl_caption=\"\" data-rel=\"lightbox-gallery-3\"><img src=\"https:\/\/www.lafraguadedavid.com\/wp-content\/uploads\/2022\/02\/IMG_20141104_135442-225x300.jpg\" width=\"225\" height=\"300\" \/><\/a><\/div><div class=\"rl-gallery-item\"><a href=\"https:\/\/www.lafraguadedavid.com\/wp-content\/uploads\/2022\/02\/IMG_20141104_135458.jpg\" title=\"\" data-rl_title=\"\" class=\"rl-gallery-link\" data-rl_caption=\"\" data-rel=\"lightbox-gallery-3\"><img src=\"https:\/\/www.lafraguadedavid.com\/wp-content\/uploads\/2022\/02\/IMG_20141104_135458-300x225.jpg\" width=\"300\" height=\"225\" \/><\/a><\/div><div class=\"rl-gallery-item\"><a href=\"https:\/\/www.lafraguadedavid.com\/wp-content\/uploads\/2022\/02\/panico-2.jpg\" title=\"\" data-rl_title=\"\" class=\"rl-gallery-link\" data-rl_caption=\"\" data-rel=\"lightbox-gallery-3\"><img src=\"https:\/\/www.lafraguadedavid.com\/wp-content\/uploads\/2022\/02\/panico-2-225x300.jpg\" width=\"225\" height=\"300\" \/><\/a><\/div><div class=\"rl-gallery-item\"><a href=\"https:\/\/www.lafraguadedavid.com\/wp-content\/uploads\/2022\/02\/panico-3.jpg\" title=\"\" data-rl_title=\"\" class=\"rl-gallery-link\" data-rl_caption=\"\" data-rel=\"lightbox-gallery-3\"><img src=\"https:\/\/www.lafraguadedavid.com\/wp-content\/uploads\/2022\/02\/panico-3-225x300.jpg\" width=\"225\" height=\"300\" \/><\/a><\/div><div class=\"rl-gallery-item\"><a href=\"https:\/\/www.lafraguadedavid.com\/wp-content\/uploads\/2022\/02\/recortar-1.jpg\" title=\"\" data-rl_title=\"\" class=\"rl-gallery-link\" data-rl_caption=\"\" data-rel=\"lightbox-gallery-3\"><img src=\"https:\/\/www.lafraguadedavid.com\/wp-content\/uploads\/2022\/02\/recortar-1-261x300.jpg\" width=\"261\" height=\"300\" \/><\/a><\/div> <\/div> <\/div>\n","protected":false},"excerpt":{"rendered":"<p>CARPINTER\u00cdA MET\u00c1LICA CARPINTER\u00cdA EN HIERRO La carpinter\u00eda de hierro tal y como la conocemos est\u00e1 destinada a puertas de calle y de garaje, rejas de protecci\u00f3n y verjas de cerramientos, barandillas de escalera y divisorias, todo ello combinando conformados tubulares, macizos, ornamentales y estructurales y como no, adorn\u00e1ndolos con elementos fundidos, forjados o simplemente exento de ellos. CARPINTER\u00cdA EN ALUMINIO La carpinter\u00eda en aluminio est\u00e1 destinada a la elaboraci\u00f3n de ventanas, puertas, cerramientos, fachadas y cubiertas en todo su \u00e1mbito, y hoy d\u00eda en cualquier acabado de color, textura, aislamiento y movimiento.&nbsp;&nbsp;&nbsp;&nbsp;&nbsp; CARPINTER\u00cdA EN ACERO INOX La carpinter\u00eda en acero\u2026<\/p>\n","protected":false},"author":1,"featured_media":0,"parent":0,"menu_order":0,"comment_status":"closed","ping_status":"closed","template":"","meta":[],"blocksy_meta":{"styles_descriptor":{"styles":{"desktop":"","tablet":"","mobile":""},"google_fonts":[],"version":4}},"yoast_head":"<!-- This site is optimized with the Yoast SEO plugin v18.1 - https:\/\/yoast.com\/wordpress\/plugins\/seo\/ -->\n<title>CARPINTER\u00cdA MET\u00c1LICA - La Fragua de David<\/title>\n<meta name=\"robots\" content=\"index, follow, max-snippet:-1, max-image-preview:large, max-video-preview:-1\" \/>\n<link rel=\"canonical\" href=\"https:\/\/www.lafraguadedavid.com\/index.php\/carpinteria-metalica\/\" \/>\n<meta property=\"og:locale\" content=\"es_ES\" \/>\n<meta property=\"og:type\" content=\"article\" \/>\n<meta property=\"og:title\" content=\"CARPINTER\u00cdA MET\u00c1LICA - La Fragua de David\" \/>\n<meta property=\"og:description\" content=\"CARPINTER\u00cdA MET\u00c1LICA CARPINTER\u00cdA EN HIERRO La carpinter\u00eda de hierro tal y como la conocemos est\u00e1 destinada a puertas de calle y de garaje, rejas de protecci\u00f3n y verjas de cerramientos, barandillas de escalera y divisorias, todo ello combinando conformados tubulares, macizos, ornamentales y estructurales y como no, adorn\u00e1ndolos con elementos fundidos, forjados o simplemente exento de ellos. CARPINTER\u00cdA EN ALUMINIO La carpinter\u00eda en aluminio est\u00e1 destinada a la elaboraci\u00f3n de ventanas, puertas, cerramientos, fachadas y cubiertas en todo su \u00e1mbito, y hoy d\u00eda en cualquier acabado de color, textura, aislamiento y movimiento.&nbsp;&nbsp;&nbsp;&nbsp;&nbsp; CARPINTER\u00cdA EN ACERO INOX La carpinter\u00eda en acero\u2026\" \/>\n<meta property=\"og:url\" content=\"https:\/\/www.lafraguadedavid.com\/index.php\/carpinteria-metalica\/\" \/>\n<meta property=\"og:site_name\" content=\"La Fragua de David\" \/>\n<meta property=\"article:modified_time\" content=\"2022-02-15T17:18:47+00:00\" \/>\n<meta name=\"twitter:card\" content=\"summary_large_image\" \/>\n<meta name=\"twitter:label1\" content=\"Tiempo de lectura\" \/>\n\t<meta name=\"twitter:data1\" content=\"1 minuto\" \/>\n<script type=\"application\/ld+json\" class=\"yoast-schema-graph\">{\"@context\":\"https:\/\/schema.org\",\"@graph\":[{\"@type\":\"WebSite\",\"@id\":\"https:\/\/www.lafraguadedavid.com\/#website\",\"url\":\"https:\/\/www.lafraguadedavid.com\/\",\"name\":\"La Fragua de David\",\"description\":\"\",\"potentialAction\":[{\"@type\":\"SearchAction\",\"target\":{\"@type\":\"EntryPoint\",\"urlTemplate\":\"https:\/\/www.lafraguadedavid.com\/?s={search_term_string}\"},\"query-input\":\"required name=search_term_string\"}],\"inLanguage\":\"es\"},{\"@type\":\"WebPage\",\"@id\":\"https:\/\/www.lafraguadedavid.com\/index.php\/carpinteria-metalica\/#webpage\",\"url\":\"https:\/\/www.lafraguadedavid.com\/index.php\/carpinteria-metalica\/\",\"name\":\"CARPINTER\u00cdA MET\u00c1LICA - La Fragua de David\",\"isPartOf\":{\"@id\":\"https:\/\/www.lafraguadedavid.com\/#website\"},\"datePublished\":\"2022-01-25T14:47:47+00:00\",\"dateModified\":\"2022-02-15T17:18:47+00:00\",\"breadcrumb\":{\"@id\":\"https:\/\/www.lafraguadedavid.com\/index.php\/carpinteria-metalica\/#breadcrumb\"},\"inLanguage\":\"es\",\"potentialAction\":[{\"@type\":\"ReadAction\",\"target\":[\"https:\/\/www.lafraguadedavid.com\/index.php\/carpinteria-metalica\/\"]}]},{\"@type\":\"BreadcrumbList\",\"@id\":\"https:\/\/www.lafraguadedavid.com\/index.php\/carpinteria-metalica\/#breadcrumb\",\"itemListElement\":[{\"@type\":\"ListItem\",\"position\":1,\"name\":\"Portada\",\"item\":\"https:\/\/www.lafraguadedavid.com\/\"},{\"@type\":\"ListItem\",\"position\":2,\"name\":\"CARPINTER\u00cdA MET\u00c1LICA\"}]}]}<\/script>\n<!-- \/ Yoast SEO plugin. -->","yoast_head_json":{"title":"CARPINTER\u00cdA MET\u00c1LICA - La Fragua de David","robots":{"index":"index","follow":"follow","max-snippet":"max-snippet:-1","max-image-preview":"max-image-preview:large","max-video-preview":"max-video-preview:-1"},"canonical":"https:\/\/www.lafraguadedavid.com\/index.php\/carpinteria-metalica\/","og_locale":"es_ES","og_type":"article","og_title":"CARPINTER\u00cdA MET\u00c1LICA - La Fragua de David","og_description":"CARPINTER\u00cdA MET\u00c1LICA CARPINTER\u00cdA EN HIERRO La carpinter\u00eda de hierro tal y como la conocemos est\u00e1 destinada a puertas de calle y de garaje, rejas de protecci\u00f3n y verjas de cerramientos, barandillas de escalera y divisorias, todo ello combinando conformados tubulares, macizos, ornamentales y estructurales y como no, adorn\u00e1ndolos con elementos fundidos, forjados o simplemente exento de ellos. CARPINTER\u00cdA EN ALUMINIO La carpinter\u00eda en aluminio est\u00e1 destinada a la elaboraci\u00f3n de ventanas, puertas, cerramientos, fachadas y cubiertas en todo su \u00e1mbito, y hoy d\u00eda en cualquier acabado de color, textura, aislamiento y movimiento.&nbsp;&nbsp;&nbsp;&nbsp;&nbsp; CARPINTER\u00cdA EN ACERO INOX La carpinter\u00eda en acero\u2026","og_url":"https:\/\/www.lafraguadedavid.com\/index.php\/carpinteria-metalica\/","og_site_name":"La Fragua de David","article_modified_time":"2022-02-15T17:18:47+00:00","twitter_card":"summary_large_image","twitter_misc":{"Tiempo de lectura":"1 minuto"},"schema":{"@context":"https:\/\/schema.org","@graph":[{"@type":"WebSite","@id":"https:\/\/www.lafraguadedavid.com\/#website","url":"https:\/\/www.lafraguadedavid.com\/","name":"La Fragua de David","description":"","potentialAction":[{"@type":"SearchAction","target":{"@type":"EntryPoint","urlTemplate":"https:\/\/www.lafraguadedavid.com\/?s={search_term_string}"},"query-input":"required name=search_term_string"}],"inLanguage":"es"},{"@type":"WebPage","@id":"https:\/\/www.lafraguadedavid.com\/index.php\/carpinteria-metalica\/#webpage","url":"https:\/\/www.lafraguadedavid.com\/index.php\/carpinteria-metalica\/","name":"CARPINTER\u00cdA MET\u00c1LICA - La Fragua de David","isPartOf":{"@id":"https:\/\/www.lafraguadedavid.com\/#website"},"datePublished":"2022-01-25T14:47:47+00:00","dateModified":"2022-02-15T17:18:47+00:00","breadcrumb":{"@id":"https:\/\/www.lafraguadedavid.com\/index.php\/carpinteria-metalica\/#breadcrumb"},"inLanguage":"es","potentialAction":[{"@type":"ReadAction","target":["https:\/\/www.lafraguadedavid.com\/index.php\/carpinteria-metalica\/"]}]},{"@type":"BreadcrumbList","@id":"https:\/\/www.lafraguadedavid.com\/index.php\/carpinteria-metalica\/#breadcrumb","itemListElement":[{"@type":"ListItem","position":1,"name":"Portada","item":"https:\/\/www.lafraguadedavid.com\/"},{"@type":"ListItem","position":2,"name":"CARPINTER\u00cdA MET\u00c1LICA"}]}]}},"_links":{"self":[{"href":"https:\/\/www.lafraguadedavid.com\/index.php\/wp-json\/wp\/v2\/pages\/107"}],"collection":[{"href":"https:\/\/www.lafraguadedavid.com\/index.php\/wp-json\/wp\/v2\/pages"}],"about":[{"href":"https:\/\/www.lafraguadedavid.com\/index.php\/wp-json\/wp\/v2\/types\/page"}],"author":[{"embeddable":true,"href":"https:\/\/www.lafraguadedavid.com\/index.php\/wp-json\/wp\/v2\/users\/1"}],"replies":[{"embeddable":true,"href":"https:\/\/www.lafraguadedavid.com\/index.php\/wp-json\/wp\/v2\/comments?post=107"}],"version-history":[{"count":7,"href":"https:\/\/www.lafraguadedavid.com\/index.php\/wp-json\/wp\/v2\/pages\/107\/revisions"}],"predecessor-version":[{"id":486,"href":"https:\/\/www.lafraguadedavid.com\/index.php\/wp-json\/wp\/v2\/pages\/107\/revisions\/486"}],"wp:attachment":[{"href":"https:\/\/www.lafraguadedavid.com\/index.php\/wp-json\/wp\/v2\/media?parent=107"}],"curies":[{"name":"wp","href":"https:\/\/api.w.org\/{rel}","templated":true}]}}