
{"id":19,"date":"2022-01-18T16:37:16","date_gmt":"2022-01-18T16:37:16","guid":{"rendered":"https:\/\/www.lafraguadedavid.com\/?page_id=19"},"modified":"2022-02-11T09:57:57","modified_gmt":"2022-02-11T09:57:57","slug":"quienes-somos","status":"publish","type":"page","link":"https:\/\/www.lafraguadedavid.com\/index.php\/quienes-somos\/","title":{"rendered":"QUIENES SOMOS"},"content":{"rendered":"\n\n\n\n<h1 class=\"has-text-align-center\"><span class=\"has-inline-color has-palette-color-5-color\">QUIENES SOMOS<\/span><\/h1>\n\n\n\n<h4 class=\"justificar\">La Historia hasta establecer esta entidad, data sus inicios en el a\u00f1o 1958 cuando D. David S\u00e1nchez comenzaba su aprendizaje en el sector de la siderometal\u00fargica, posteriormente una vez adquirida la experiencia necesaria, en 1971 decidi\u00f3 crear su propia empresa, la cual ha llegado hasta nuestros d\u00edas, gracias a generaciones posteriores.<\/h4>\n\n\n\n<h4 class=\"justificar\">Debido a su larga trayectoria, puede presumir hoy, de una gran cartera de clientes; los cuales dan a esta empresa, Solidez, satisfacci\u00f3n y confianza, que ha permitido a esta entidad abrirse un hueco en el mercado espa\u00f1ol, y seguir avanzando, con vocaci\u00f3n y esfuerzo para poder ofrecer algo que para esta es importante, servicio, seriedad, calidad y asesoramiento por parte de profesionales capacitados para ello.<\/h4>\n\n\n\n<h4 class=\"justificar\">Es por todos estos motivos por lo que dispone en sus instalaciones de equipo y maquinaria adecuada para llegar a ofrecer a sus clientes lo mejor.<\/h4>\n\n\n\n<h4 class=\"justificar\">Contamos con unas instalaciones situadas en el municipio de Miguelturra (Ciudad Real), por su situaci\u00f3n geogr\u00e1fica afortunadamente dispone de buena v\u00eda de comunicaci\u00f3n.<\/h4>\n\n\n\n<h4 class=\"justificar\">Para terminar, decir que somos una empresa con visi\u00f3n de futuro y optimista que mantiene el \u00e1nimo de crecimiento constante para lo cual dispone de todos los medios humanos y t\u00e9cnicos para conseguirlo.<\/h4>\n","protected":false},"excerpt":{"rendered":"<p>QUIENES SOMOS La Historia hasta establecer esta entidad, data sus inicios en el a\u00f1o 1958 cuando D. David S\u00e1nchez comenzaba su aprendizaje en el sector de la siderometal\u00fargica, posteriormente una vez adquirida la experiencia necesaria, en 1971 decidi\u00f3 crear su propia empresa, la cual ha llegado hasta nuestros d\u00edas, gracias a generaciones posteriores. Debido a su larga trayectoria, puede presumir hoy, de una gran cartera de clientes; los cuales dan a esta empresa, Solidez, satisfacci\u00f3n y confianza, que ha permitido a esta entidad abrirse un hueco en el mercado espa\u00f1ol, y seguir avanzando, con vocaci\u00f3n y esfuerzo para poder ofrecer\u2026<\/p>\n","protected":false},"author":1,"featured_media":0,"parent":0,"menu_order":0,"comment_status":"closed","ping_status":"closed","template":"","meta":[],"blocksy_meta":{"styles_descriptor":{"styles":{"desktop":"","tablet":"","mobile":""},"google_fonts":[],"version":4}},"yoast_head":"<!-- This site is optimized with the Yoast SEO plugin v18.1 - https:\/\/yoast.com\/wordpress\/plugins\/seo\/ -->\n<title>QUIENES SOMOS - La Fragua de David<\/title>\n<meta name=\"robots\" content=\"index, follow, max-snippet:-1, max-image-preview:large, max-video-preview:-1\" \/>\n<link rel=\"canonical\" href=\"https:\/\/www.lafraguadedavid.com\/index.php\/quienes-somos\/\" \/>\n<meta property=\"og:locale\" content=\"es_ES\" \/>\n<meta property=\"og:type\" content=\"article\" \/>\n<meta property=\"og:title\" content=\"QUIENES SOMOS - La Fragua de David\" \/>\n<meta property=\"og:description\" content=\"QUIENES SOMOS La Historia hasta establecer esta entidad, data sus inicios en el a\u00f1o 1958 cuando D. David S\u00e1nchez comenzaba su aprendizaje en el sector de la siderometal\u00fargica, posteriormente una vez adquirida la experiencia necesaria, en 1971 decidi\u00f3 crear su propia empresa, la cual ha llegado hasta nuestros d\u00edas, gracias a generaciones posteriores. Debido a su larga trayectoria, puede presumir hoy, de una gran cartera de clientes; los cuales dan a esta empresa, Solidez, satisfacci\u00f3n y confianza, que ha permitido a esta entidad abrirse un hueco en el mercado espa\u00f1ol, y seguir avanzando, con vocaci\u00f3n y esfuerzo para poder ofrecer\u2026\" \/>\n<meta property=\"og:url\" content=\"https:\/\/www.lafraguadedavid.com\/index.php\/quienes-somos\/\" \/>\n<meta property=\"og:site_name\" content=\"La Fragua de David\" \/>\n<meta property=\"article:modified_time\" content=\"2022-02-11T09:57:57+00:00\" \/>\n<meta name=\"twitter:card\" content=\"summary_large_image\" \/>\n<meta name=\"twitter:label1\" content=\"Tiempo de lectura\" \/>\n\t<meta name=\"twitter:data1\" content=\"1 minuto\" \/>\n<script type=\"application\/ld+json\" class=\"yoast-schema-graph\">{\"@context\":\"https:\/\/schema.org\",\"@graph\":[{\"@type\":\"WebSite\",\"@id\":\"https:\/\/www.lafraguadedavid.com\/#website\",\"url\":\"https:\/\/www.lafraguadedavid.com\/\",\"name\":\"La Fragua de David\",\"description\":\"\",\"potentialAction\":[{\"@type\":\"SearchAction\",\"target\":{\"@type\":\"EntryPoint\",\"urlTemplate\":\"https:\/\/www.lafraguadedavid.com\/?s={search_term_string}\"},\"query-input\":\"required name=search_term_string\"}],\"inLanguage\":\"es\"},{\"@type\":\"WebPage\",\"@id\":\"https:\/\/www.lafraguadedavid.com\/index.php\/quienes-somos\/#webpage\",\"url\":\"https:\/\/www.lafraguadedavid.com\/index.php\/quienes-somos\/\",\"name\":\"QUIENES SOMOS - La Fragua de David\",\"isPartOf\":{\"@id\":\"https:\/\/www.lafraguadedavid.com\/#website\"},\"datePublished\":\"2022-01-18T16:37:16+00:00\",\"dateModified\":\"2022-02-11T09:57:57+00:00\",\"breadcrumb\":{\"@id\":\"https:\/\/www.lafraguadedavid.com\/index.php\/quienes-somos\/#breadcrumb\"},\"inLanguage\":\"es\",\"potentialAction\":[{\"@type\":\"ReadAction\",\"target\":[\"https:\/\/www.lafraguadedavid.com\/index.php\/quienes-somos\/\"]}]},{\"@type\":\"BreadcrumbList\",\"@id\":\"https:\/\/www.lafraguadedavid.com\/index.php\/quienes-somos\/#breadcrumb\",\"itemListElement\":[{\"@type\":\"ListItem\",\"position\":1,\"name\":\"Portada\",\"item\":\"https:\/\/www.lafraguadedavid.com\/\"},{\"@type\":\"ListItem\",\"position\":2,\"name\":\"QUIENES SOMOS\"}]}]}<\/script>\n<!-- \/ Yoast SEO plugin. -->","yoast_head_json":{"title":"QUIENES SOMOS - La Fragua de David","robots":{"index":"index","follow":"follow","max-snippet":"max-snippet:-1","max-image-preview":"max-image-preview:large","max-video-preview":"max-video-preview:-1"},"canonical":"https:\/\/www.lafraguadedavid.com\/index.php\/quienes-somos\/","og_locale":"es_ES","og_type":"article","og_title":"QUIENES SOMOS - La Fragua de David","og_description":"QUIENES SOMOS La Historia hasta establecer esta entidad, data sus inicios en el a\u00f1o 1958 cuando D. David S\u00e1nchez comenzaba su aprendizaje en el sector de la siderometal\u00fargica, posteriormente una vez adquirida la experiencia necesaria, en 1971 decidi\u00f3 crear su propia empresa, la cual ha llegado hasta nuestros d\u00edas, gracias a generaciones posteriores. Debido a su larga trayectoria, puede presumir hoy, de una gran cartera de clientes; los cuales dan a esta empresa, Solidez, satisfacci\u00f3n y confianza, que ha permitido a esta entidad abrirse un hueco en el mercado espa\u00f1ol, y seguir avanzando, con vocaci\u00f3n y esfuerzo para poder ofrecer\u2026","og_url":"https:\/\/www.lafraguadedavid.com\/index.php\/quienes-somos\/","og_site_name":"La Fragua de David","article_modified_time":"2022-02-11T09:57:57+00:00","twitter_card":"summary_large_image","twitter_misc":{"Tiempo de lectura":"1 minuto"},"schema":{"@context":"https:\/\/schema.org","@graph":[{"@type":"WebSite","@id":"https:\/\/www.lafraguadedavid.com\/#website","url":"https:\/\/www.lafraguadedavid.com\/","name":"La Fragua de David","description":"","potentialAction":[{"@type":"SearchAction","target":{"@type":"EntryPoint","urlTemplate":"https:\/\/www.lafraguadedavid.com\/?s={search_term_string}"},"query-input":"required name=search_term_string"}],"inLanguage":"es"},{"@type":"WebPage","@id":"https:\/\/www.lafraguadedavid.com\/index.php\/quienes-somos\/#webpage","url":"https:\/\/www.lafraguadedavid.com\/index.php\/quienes-somos\/","name":"QUIENES SOMOS - La Fragua de David","isPartOf":{"@id":"https:\/\/www.lafraguadedavid.com\/#website"},"datePublished":"2022-01-18T16:37:16+00:00","dateModified":"2022-02-11T09:57:57+00:00","breadcrumb":{"@id":"https:\/\/www.lafraguadedavid.com\/index.php\/quienes-somos\/#breadcrumb"},"inLanguage":"es","potentialAction":[{"@type":"ReadAction","target":["https:\/\/www.lafraguadedavid.com\/index.php\/quienes-somos\/"]}]},{"@type":"BreadcrumbList","@id":"https:\/\/www.lafraguadedavid.com\/index.php\/quienes-somos\/#breadcrumb","itemListElement":[{"@type":"ListItem","position":1,"name":"Portada","item":"https:\/\/www.lafraguadedavid.com\/"},{"@type":"ListItem","position":2,"name":"QUIENES SOMOS"}]}]}},"_links":{"self":[{"href":"https:\/\/www.lafraguadedavid.com\/index.php\/wp-json\/wp\/v2\/pages\/19"}],"collection":[{"href":"https:\/\/www.lafraguadedavid.com\/index.php\/wp-json\/wp\/v2\/pages"}],"about":[{"href":"https:\/\/www.lafraguadedavid.com\/index.php\/wp-json\/wp\/v2\/types\/page"}],"author":[{"embeddable":true,"href":"https:\/\/www.lafraguadedavid.com\/index.php\/wp-json\/wp\/v2\/users\/1"}],"replies":[{"embeddable":true,"href":"https:\/\/www.lafraguadedavid.com\/index.php\/wp-json\/wp\/v2\/comments?post=19"}],"version-history":[{"count":4,"href":"https:\/\/www.lafraguadedavid.com\/index.php\/wp-json\/wp\/v2\/pages\/19\/revisions"}],"predecessor-version":[{"id":253,"href":"https:\/\/www.lafraguadedavid.com\/index.php\/wp-json\/wp\/v2\/pages\/19\/revisions\/253"}],"wp:attachment":[{"href":"https:\/\/www.lafraguadedavid.com\/index.php\/wp-json\/wp\/v2\/media?parent=19"}],"curies":[{"name":"wp","href":"https:\/\/api.w.org\/{rel}","templated":true}]}}