
{"id":21,"date":"2022-01-18T16:37:08","date_gmt":"2022-01-18T16:37:08","guid":{"rendered":"https:\/\/www.lafraguadedavid.com\/?page_id=21"},"modified":"2022-02-16T10:08:35","modified_gmt":"2022-02-16T10:08:35","slug":"contacto","status":"publish","type":"page","link":"https:\/\/www.lafraguadedavid.com\/index.php\/contacto\/","title":{"rendered":"CONTACTO"},"content":{"rendered":"\n<h1 class=\"has-text-align-center\"><span class=\"has-inline-color has-palette-color-5-color\">CONTACTA CON NOSOTROS<\/span><\/h1>\n\n\n\n<div class=\"wp-block-columns\">\n<div class=\"wp-block-column\">\n<h2 class=\"has-text-align-center\"><span class=\"has-inline-color has-palette-color-5-color\">DONDE ENCONTRARNOS<\/span><\/h2>\n\n\n\n<hr class=\"wp-block-separator alignfull is-style-wide\"\/>\n\n\n\n<p class=\"has-text-align-center clasecontacto\">David Sanchez Gonzalez<br>CL Astillejos, 8 <br>13170 Miguelturra <br>Ciudad Real<\/p>\n\n\n\n<hr class=\"wp-block-separator aligncenter\"\/>\n\n\n\n<h5 class=\"has-text-align-center\"><span style=\"color:#4eb3d1\" class=\"has-inline-color\">DIRECCI\u00d3N DE LAS INSTALACIONES<\/span><\/h5>\n\n\n\n<p class=\"has-text-align-center clasecontacto\">Ctra. Ciudad Real \u2013 Valdepe\u00f1as km 4.200 13170 Miguelturra <br>Paseo Santo Tomas de Villanueva, 127 enfrente<\/p>\n\n\n\n<hr class=\"wp-block-separator aligncenter\"\/>\n\n\n\n<h5 class=\"has-text-align-center\"><span style=\"color:#4eb3d1\" class=\"has-inline-color\">HORARIO OFICINA<\/span><\/h5>\n\n\n\n<p class=\"has-text-align-center clasecontacto\">De ma\u00f1ana: 9:00 a 14:00 horas <br>De tardes: 16:00 a 19:00 horas<\/p>\n\n\n\n<hr class=\"wp-block-separator aligncenter\"\/>\n\n\n\n<h5 class=\"has-text-align-center\"><span style=\"color:#4eb3d1\" class=\"has-inline-color\">TELEFONOS DE CONTACTO<\/span><\/h5>\n\n\n\n<p class=\"has-text-align-center clasecontacto\">Tel\u00e9fono <a href=\"tel:+34926240551\">926 240 551<\/a> <br> M\u00f3vil <a href=\"tel:+34610250557\">610 250 557<\/a> David<\/p>\n\n\n\n<hr class=\"wp-block-separator aligncenter\"\/>\n\n\n\n<h5 class=\"has-text-align-center\"><span class=\"has-inline-color has-palette-color-5-color\">EMAIL<\/span><\/h5>\n\n\n\n<p class=\"has-text-align-center clasecontacto\"><a href=\"mailto:david@lafraguadedavid.com\">david@lafraguadedavid.com<\/a> <br><a href=\"mailto:info@lafraguadedavid.com\">info@lafraguadedavid.com<\/a><br><a href=\"mailto:pedidos@lafraguadedavid.com\">pedidos@lafraguadedavid.com<\/a><\/p>\n<\/div>\n\n\n\n<div class=\"wp-block-column\">\n<h2 class=\"has-text-align-center\"><span class=\"has-inline-color has-palette-color-5-color\">ESCRIBENOS<\/span><\/h2>\n\n\n\n<hr class=\"wp-block-separator alignfull is-style-wide\"\/>\n\n\n<div class=\"wpforms-container wpforms-container-full justificar form\" id=\"wpforms-188\"><form id=\"wpforms-form-188\" class=\"wpforms-validate wpforms-form wpforms-ajax-form\" data-formid=\"188\" method=\"post\" enctype=\"multipart\/form-data\" action=\"\/index.php\/wp-json\/wp\/v2\/pages\/21\" data-token=\"4d37a4c813387644b61678eee9368c78\"><noscript class=\"wpforms-error-noscript\">Por favor, activa JavaScript en tu navegador para completar este formulario.<\/noscript><div class=\"wpforms-field-container\"><div id=\"wpforms-188-field_1-container\" class=\"wpforms-field wpforms-field-name\" data-field-id=\"1\"><label class=\"wpforms-field-label\" for=\"wpforms-188-field_1\">Nombre <span class=\"wpforms-required-label\">*<\/span><\/label><div class=\"wpforms-field-row wpforms-field-medium\"><div class=\"wpforms-field-row-block wpforms-first wpforms-one-half\"><input type=\"text\" id=\"wpforms-188-field_1\" class=\"wpforms-field-name-first wpforms-field-required\" name=\"wpforms[fields][1][first]\" required><label for=\"wpforms-188-field_1\" class=\"wpforms-field-sublabel after \">Nombre<\/label><\/div><div class=\"wpforms-field-row-block wpforms-one-half\"><input type=\"text\" id=\"wpforms-188-field_1-last\" class=\"wpforms-field-name-last wpforms-field-required\" name=\"wpforms[fields][1][last]\" required><label for=\"wpforms-188-field_1-last\" class=\"wpforms-field-sublabel after \">Apellidos<\/label><\/div><\/div><\/div><div id=\"wpforms-188-field_3-container\" class=\"wpforms-field wpforms-field-email\" data-field-id=\"3\"><label class=\"wpforms-field-label\" for=\"wpforms-188-field_3\">Correo electr\u00f3nico <span class=\"wpforms-required-label\">*<\/span><\/label><input type=\"email\" id=\"wpforms-188-field_3\" class=\"wpforms-field-medium wpforms-field-required\" name=\"wpforms[fields][3]\" placeholder=\"email@ejemplo.com\" required><\/div><div id=\"wpforms-188-field_7-container\" class=\"wpforms-field wpforms-field-text telform\" data-field-id=\"7\"><label class=\"wpforms-field-label\" for=\"wpforms-188-field_7\">Tel\u00e9fono <span class=\"wpforms-required-label\">*<\/span><\/label><input type=\"text\" id=\"wpforms-188-field_7\" class=\"wpforms-field-medium wpforms-field-required wpforms-masked-input\" data-inputmask-mask=\"+34 999999999\" data-rule-empty-blanks=\"1\" name=\"wpforms[fields][7]\" placeholder=\"610250557\" required><\/div><div id=\"wpforms-188-field_5-container\" class=\"wpforms-field wpforms-field-textarea\" data-field-id=\"5\"><label class=\"wpforms-field-label\" for=\"wpforms-188-field_5\">Mensaje <span class=\"wpforms-required-label\">*<\/span><\/label><textarea id=\"wpforms-188-field_5\" class=\"wpforms-field-medium wpforms-field-required wpforms-limit-characters-enabled\" data-form-id=\"188\" data-field-id=\"5\" data-text-limit=\"900\" name=\"wpforms[fields][5]\" placeholder=\"Escriba su consulta...\" maxlength=\"900\" required><\/textarea><\/div><div id=\"wpforms-188-field_6-container\" class=\"wpforms-field wpforms-field-checkbox\" data-field-id=\"6\"><label class=\"wpforms-field-label\" for=\"wpforms-188-field_6\">LOPDGDD <span class=\"wpforms-required-label\">*<\/span><\/label><ul id=\"wpforms-188-field_6\" class=\"wpforms-field-required\"><li class=\"choice-1 depth-1\"><input type=\"checkbox\" id=\"wpforms-188-field_6_1\" name=\"wpforms[fields][6][]\" value=\"Acepto y Confirmo la Pol\u00edtica de Privacidad\" required ><label class=\"wpforms-field-label-inline\" for=\"wpforms-188-field_6_1\">Acepto y Confirmo la Pol\u00edtica de Privacidad<\/label><\/li><\/ul><div class=\"wpforms-field-description\">LA FRAGUA DE DAVID NO almacena los datos proporcionados en este formulario. Su Nombre , correo electr\u00f3nico, tel\u00e9fono y Mensaje ser\u00e1n enviados como parte del cuerpo de un correo a info@lafraguadedavid.com. Puede comunicarse con La fragua de David de manera directa si lo desea mediante el correo info@lafraguadedavid.com.<\/div><\/div><\/div><div class=\"wpforms-submit-container\"><input type=\"hidden\" name=\"wpforms[id]\" value=\"188\"><input type=\"hidden\" name=\"wpforms[author]\" value=\"1\"><button type=\"submit\" name=\"wpforms[submit]\" id=\"wpforms-submit-188\" class=\"wpforms-submit Buttonform\" data-alt-text=\"Enviando...\" data-submit-text=\"Enviar\" aria-live=\"assertive\" value=\"wpforms-submit\">Enviar<\/button><img src=\"https:\/\/www.lafraguadedavid.com\/wp-content\/plugins\/wpforms-lite\/assets\/images\/submit-spin.svg\" class=\"wpforms-submit-spinner\" style=\"display: none;\" width=\"26\" height=\"26\" alt=\"\"><\/div><\/form><\/div>  <!-- .wpforms-container --><\/div>\n<\/div>\n\n\n\n<iframe src=\"https:\/\/www.google.com\/maps\/embed?pb=!1m18!1m12!1m3!1d1844.7417409111413!2d-3.8919843504542584!3d38.9588563489429!2m3!1f0!2f0!3f0!3m2!1i1024!2i768!4f13.1!3m3!1m2!1s0xd6bdd23dd267545%3A0x770c14109d10fb6b!2sLa%20Fragua%20De%20David!5e0!3m2!1ses!2ses!4v1644921921173!5m2!1ses!2ses\" width=\"800\" height=\"600\" style=\"border:0;\" allowfullscreen=\"\" loading=\"lazy\"><\/iframe>\n","protected":false},"excerpt":{"rendered":"<p>CONTACTA CON NOSOTROS DONDE ENCONTRARNOS David Sanchez GonzalezCL Astillejos, 8 13170 Miguelturra Ciudad Real DIRECCI\u00d3N DE LAS INSTALACIONES Ctra. Ciudad Real \u2013 Valdepe\u00f1as km 4.200 13170 Miguelturra Paseo Santo Tomas de Villanueva, 127 enfrente HORARIO OFICINA De ma\u00f1ana: 9:00 a 14:00 horas De tardes: 16:00 a 19:00 horas TELEFONOS DE CONTACTO Tel\u00e9fono 926 240 551 M\u00f3vil 610 250 557 David EMAIL david@lafraguadedavid.com info@lafraguadedavid.compedidos@lafraguadedavid.com ESCRIBENOS<\/p>\n","protected":false},"author":1,"featured_media":0,"parent":0,"menu_order":0,"comment_status":"closed","ping_status":"closed","template":"","meta":[],"blocksy_meta":{"styles_descriptor":{"styles":{"desktop":"","tablet":"","mobile":""},"google_fonts":[],"version":4}},"yoast_head":"<!-- This site is optimized with the Yoast SEO plugin v18.1 - https:\/\/yoast.com\/wordpress\/plugins\/seo\/ -->\n<title>CONTACTO - La Fragua de David<\/title>\n<meta name=\"robots\" content=\"index, follow, max-snippet:-1, max-image-preview:large, max-video-preview:-1\" \/>\n<link rel=\"canonical\" href=\"https:\/\/www.lafraguadedavid.com\/index.php\/contacto\/\" \/>\n<meta property=\"og:locale\" content=\"es_ES\" \/>\n<meta property=\"og:type\" content=\"article\" \/>\n<meta property=\"og:title\" content=\"CONTACTO - La Fragua de David\" \/>\n<meta property=\"og:description\" content=\"CONTACTA CON NOSOTROS DONDE ENCONTRARNOS David Sanchez GonzalezCL Astillejos, 8 13170 Miguelturra Ciudad Real DIRECCI\u00d3N DE LAS INSTALACIONES Ctra. Ciudad Real \u2013 Valdepe\u00f1as km 4.200 13170 Miguelturra Paseo Santo Tomas de Villanueva, 127 enfrente HORARIO OFICINA De ma\u00f1ana: 9:00 a 14:00 horas De tardes: 16:00 a 19:00 horas TELEFONOS DE CONTACTO Tel\u00e9fono 926 240 551 M\u00f3vil 610 250 557 David EMAIL david@lafraguadedavid.com info@lafraguadedavid.compedidos@lafraguadedavid.com ESCRIBENOS\" \/>\n<meta property=\"og:url\" content=\"https:\/\/www.lafraguadedavid.com\/index.php\/contacto\/\" \/>\n<meta property=\"og:site_name\" content=\"La Fragua de David\" \/>\n<meta property=\"article:modified_time\" content=\"2022-02-16T10:08:35+00:00\" \/>\n<meta name=\"twitter:card\" content=\"summary_large_image\" \/>\n<meta name=\"twitter:label1\" content=\"Tiempo de lectura\" \/>\n\t<meta name=\"twitter:data1\" content=\"1 minuto\" \/>\n<script type=\"application\/ld+json\" class=\"yoast-schema-graph\">{\"@context\":\"https:\/\/schema.org\",\"@graph\":[{\"@type\":\"WebSite\",\"@id\":\"https:\/\/www.lafraguadedavid.com\/#website\",\"url\":\"https:\/\/www.lafraguadedavid.com\/\",\"name\":\"La Fragua de David\",\"description\":\"\",\"potentialAction\":[{\"@type\":\"SearchAction\",\"target\":{\"@type\":\"EntryPoint\",\"urlTemplate\":\"https:\/\/www.lafraguadedavid.com\/?s={search_term_string}\"},\"query-input\":\"required name=search_term_string\"}],\"inLanguage\":\"es\"},{\"@type\":\"WebPage\",\"@id\":\"https:\/\/www.lafraguadedavid.com\/index.php\/contacto\/#webpage\",\"url\":\"https:\/\/www.lafraguadedavid.com\/index.php\/contacto\/\",\"name\":\"CONTACTO - La Fragua de David\",\"isPartOf\":{\"@id\":\"https:\/\/www.lafraguadedavid.com\/#website\"},\"datePublished\":\"2022-01-18T16:37:08+00:00\",\"dateModified\":\"2022-02-16T10:08:35+00:00\",\"breadcrumb\":{\"@id\":\"https:\/\/www.lafraguadedavid.com\/index.php\/contacto\/#breadcrumb\"},\"inLanguage\":\"es\",\"potentialAction\":[{\"@type\":\"ReadAction\",\"target\":[\"https:\/\/www.lafraguadedavid.com\/index.php\/contacto\/\"]}]},{\"@type\":\"BreadcrumbList\",\"@id\":\"https:\/\/www.lafraguadedavid.com\/index.php\/contacto\/#breadcrumb\",\"itemListElement\":[{\"@type\":\"ListItem\",\"position\":1,\"name\":\"Portada\",\"item\":\"https:\/\/www.lafraguadedavid.com\/\"},{\"@type\":\"ListItem\",\"position\":2,\"name\":\"CONTACTO\"}]}]}<\/script>\n<!-- \/ Yoast SEO plugin. -->","yoast_head_json":{"title":"CONTACTO - La Fragua de David","robots":{"index":"index","follow":"follow","max-snippet":"max-snippet:-1","max-image-preview":"max-image-preview:large","max-video-preview":"max-video-preview:-1"},"canonical":"https:\/\/www.lafraguadedavid.com\/index.php\/contacto\/","og_locale":"es_ES","og_type":"article","og_title":"CONTACTO - La Fragua de David","og_description":"CONTACTA CON NOSOTROS DONDE ENCONTRARNOS David Sanchez GonzalezCL Astillejos, 8 13170 Miguelturra Ciudad Real DIRECCI\u00d3N DE LAS INSTALACIONES Ctra. Ciudad Real \u2013 Valdepe\u00f1as km 4.200 13170 Miguelturra Paseo Santo Tomas de Villanueva, 127 enfrente HORARIO OFICINA De ma\u00f1ana: 9:00 a 14:00 horas De tardes: 16:00 a 19:00 horas TELEFONOS DE CONTACTO Tel\u00e9fono 926 240 551 M\u00f3vil 610 250 557 David EMAIL david@lafraguadedavid.com info@lafraguadedavid.compedidos@lafraguadedavid.com ESCRIBENOS","og_url":"https:\/\/www.lafraguadedavid.com\/index.php\/contacto\/","og_site_name":"La Fragua de David","article_modified_time":"2022-02-16T10:08:35+00:00","twitter_card":"summary_large_image","twitter_misc":{"Tiempo de lectura":"1 minuto"},"schema":{"@context":"https:\/\/schema.org","@graph":[{"@type":"WebSite","@id":"https:\/\/www.lafraguadedavid.com\/#website","url":"https:\/\/www.lafraguadedavid.com\/","name":"La Fragua de David","description":"","potentialAction":[{"@type":"SearchAction","target":{"@type":"EntryPoint","urlTemplate":"https:\/\/www.lafraguadedavid.com\/?s={search_term_string}"},"query-input":"required name=search_term_string"}],"inLanguage":"es"},{"@type":"WebPage","@id":"https:\/\/www.lafraguadedavid.com\/index.php\/contacto\/#webpage","url":"https:\/\/www.lafraguadedavid.com\/index.php\/contacto\/","name":"CONTACTO - La Fragua de David","isPartOf":{"@id":"https:\/\/www.lafraguadedavid.com\/#website"},"datePublished":"2022-01-18T16:37:08+00:00","dateModified":"2022-02-16T10:08:35+00:00","breadcrumb":{"@id":"https:\/\/www.lafraguadedavid.com\/index.php\/contacto\/#breadcrumb"},"inLanguage":"es","potentialAction":[{"@type":"ReadAction","target":["https:\/\/www.lafraguadedavid.com\/index.php\/contacto\/"]}]},{"@type":"BreadcrumbList","@id":"https:\/\/www.lafraguadedavid.com\/index.php\/contacto\/#breadcrumb","itemListElement":[{"@type":"ListItem","position":1,"name":"Portada","item":"https:\/\/www.lafraguadedavid.com\/"},{"@type":"ListItem","position":2,"name":"CONTACTO"}]}]}},"_links":{"self":[{"href":"https:\/\/www.lafraguadedavid.com\/index.php\/wp-json\/wp\/v2\/pages\/21"}],"collection":[{"href":"https:\/\/www.lafraguadedavid.com\/index.php\/wp-json\/wp\/v2\/pages"}],"about":[{"href":"https:\/\/www.lafraguadedavid.com\/index.php\/wp-json\/wp\/v2\/types\/page"}],"author":[{"embeddable":true,"href":"https:\/\/www.lafraguadedavid.com\/index.php\/wp-json\/wp\/v2\/users\/1"}],"replies":[{"embeddable":true,"href":"https:\/\/www.lafraguadedavid.com\/index.php\/wp-json\/wp\/v2\/comments?post=21"}],"version-history":[{"count":32,"href":"https:\/\/www.lafraguadedavid.com\/index.php\/wp-json\/wp\/v2\/pages\/21\/revisions"}],"predecessor-version":[{"id":673,"href":"https:\/\/www.lafraguadedavid.com\/index.php\/wp-json\/wp\/v2\/pages\/21\/revisions\/673"}],"wp:attachment":[{"href":"https:\/\/www.lafraguadedavid.com\/index.php\/wp-json\/wp\/v2\/media?parent=21"}],"curies":[{"name":"wp","href":"https:\/\/api.w.org\/{rel}","templated":true}]}}