
{"id":417,"date":"2022-02-15T17:00:55","date_gmt":"2022-02-15T17:00:55","guid":{"rendered":"https:\/\/www.lafraguadedavid.com\/?page_id=417"},"modified":"2022-02-15T17:39:20","modified_gmt":"2022-02-15T17:39:20","slug":"lo-que-imagines-y-mas","status":"publish","type":"page","link":"https:\/\/www.lafraguadedavid.com\/index.php\/lo-que-imagines-y-mas\/","title":{"rendered":"LO QUE IMAGINES Y M\u00c1S"},"content":{"rendered":"\n<h1 class=\"has-text-align-center\"><span class=\"has-inline-color has-palette-color-5-color\">LO QUE IMAGINES Y M\u00c1S<\/span><\/h1>\n\n\n\n<p class=\"justificar2\">Lo dice la expresi\u00f3n, traednos la idea y os lo podemos realizar.<\/p>\n\n\n<div class=\"rl-gallery-container rl-loading\" id=\"rl-gallery-container-1\" data-gallery_id=\"559\"> <div class=\"rl-gallery rl-basicgrid-gallery \" id=\"rl-gallery-1\" data-gallery_no=\"1\"> <div class=\"rl-gallery-item\"><a href=\"https:\/\/www.lafraguadedavid.com\/wp-content\/uploads\/2022\/02\/6-3-10-001.jpg\" title=\"\" data-rl_title=\"\" class=\"rl-gallery-link\" data-rl_caption=\"\" data-rel=\"lightbox-gallery-1\"><img src=\"https:\/\/www.lafraguadedavid.com\/wp-content\/uploads\/2022\/02\/6-3-10-001-225x300.jpg\" width=\"225\" height=\"300\" \/><\/a><\/div><div class=\"rl-gallery-item\"><a href=\"https:\/\/www.lafraguadedavid.com\/wp-content\/uploads\/2022\/02\/2013-01-19-19.01.53.jpg\" title=\"\" data-rl_title=\"\" class=\"rl-gallery-link\" data-rl_caption=\"\" data-rel=\"lightbox-gallery-1\"><img src=\"https:\/\/www.lafraguadedavid.com\/wp-content\/uploads\/2022\/02\/2013-01-19-19.01.53-300x225.jpg\" width=\"300\" height=\"225\" \/><\/a><\/div><div class=\"rl-gallery-item\"><a href=\"https:\/\/www.lafraguadedavid.com\/wp-content\/uploads\/2022\/02\/2013-01-25-17.46.47.jpg\" title=\"\" data-rl_title=\"\" class=\"rl-gallery-link\" data-rl_caption=\"\" data-rel=\"lightbox-gallery-1\"><img src=\"https:\/\/www.lafraguadedavid.com\/wp-content\/uploads\/2022\/02\/2013-01-25-17.46.47-225x300.jpg\" width=\"225\" height=\"300\" \/><\/a><\/div><div class=\"rl-gallery-item\"><a href=\"https:\/\/www.lafraguadedavid.com\/wp-content\/uploads\/2022\/02\/20160323_133055.jpg\" title=\"\" data-rl_title=\"\" class=\"rl-gallery-link\" data-rl_caption=\"\" data-rel=\"lightbox-gallery-1\"><img src=\"https:\/\/www.lafraguadedavid.com\/wp-content\/uploads\/2022\/02\/20160323_133055-300x169.jpg\" width=\"300\" height=\"169\" \/><\/a><\/div><div class=\"rl-gallery-item\"><a href=\"https:\/\/www.lafraguadedavid.com\/wp-content\/uploads\/2022\/02\/20160622_211347.jpg\" title=\"\" data-rl_title=\"\" class=\"rl-gallery-link\" data-rl_caption=\"\" data-rel=\"lightbox-gallery-1\"><img src=\"https:\/\/www.lafraguadedavid.com\/wp-content\/uploads\/2022\/02\/20160622_211347-300x169.jpg\" width=\"300\" height=\"169\" \/><\/a><\/div><div class=\"rl-gallery-item\"><a href=\"https:\/\/www.lafraguadedavid.com\/wp-content\/uploads\/2022\/02\/20160622_215659-scaled.jpg\" title=\"\" data-rl_title=\"\" class=\"rl-gallery-link\" data-rl_caption=\"\" data-rel=\"lightbox-gallery-1\"><img src=\"https:\/\/www.lafraguadedavid.com\/wp-content\/uploads\/2022\/02\/20160622_215659-300x169.jpg\" width=\"300\" height=\"169\" \/><\/a><\/div><div class=\"rl-gallery-item\"><a href=\"https:\/\/www.lafraguadedavid.com\/wp-content\/uploads\/2022\/02\/20161121_163207.jpg\" title=\"\" data-rl_title=\"\" class=\"rl-gallery-link\" data-rl_caption=\"\" data-rel=\"lightbox-gallery-1\"><img src=\"https:\/\/www.lafraguadedavid.com\/wp-content\/uploads\/2022\/02\/20161121_163207-169x300.jpg\" width=\"169\" height=\"300\" \/><\/a><\/div><div class=\"rl-gallery-item\"><a href=\"https:\/\/www.lafraguadedavid.com\/wp-content\/uploads\/2022\/02\/20170323_175534.jpg\" title=\"\" data-rl_title=\"\" class=\"rl-gallery-link\" data-rl_caption=\"\" data-rel=\"lightbox-gallery-1\"><img src=\"https:\/\/www.lafraguadedavid.com\/wp-content\/uploads\/2022\/02\/20170323_175534-300x169.jpg\" width=\"300\" height=\"169\" \/><\/a><\/div><div class=\"rl-gallery-item\"><a href=\"https:\/\/www.lafraguadedavid.com\/wp-content\/uploads\/2022\/02\/20170723_133319-scaled.jpg\" title=\"\" data-rl_title=\"\" class=\"rl-gallery-link\" data-rl_caption=\"\" data-rel=\"lightbox-gallery-1\"><img src=\"https:\/\/www.lafraguadedavid.com\/wp-content\/uploads\/2022\/02\/20170723_133319-169x300.jpg\" width=\"169\" height=\"300\" \/><\/a><\/div><div class=\"rl-gallery-item\"><a href=\"https:\/\/www.lafraguadedavid.com\/wp-content\/uploads\/2022\/02\/20171222_155615.jpg\" title=\"\" data-rl_title=\"\" class=\"rl-gallery-link\" data-rl_caption=\"\" data-rel=\"lightbox-gallery-1\"><img src=\"https:\/\/www.lafraguadedavid.com\/wp-content\/uploads\/2022\/02\/20171222_155615-300x169.jpg\" width=\"300\" height=\"169\" \/><\/a><\/div><div class=\"rl-gallery-item\"><a href=\"https:\/\/www.lafraguadedavid.com\/wp-content\/uploads\/2022\/02\/20180407_121918.jpg\" title=\"\" data-rl_title=\"\" class=\"rl-gallery-link\" data-rl_caption=\"\" data-rel=\"lightbox-gallery-1\"><img src=\"https:\/\/www.lafraguadedavid.com\/wp-content\/uploads\/2022\/02\/20180407_121918-300x225.jpg\" width=\"300\" height=\"225\" \/><\/a><\/div><div class=\"rl-gallery-item\"><a href=\"https:\/\/www.lafraguadedavid.com\/wp-content\/uploads\/2022\/02\/20190516_160554.jpg\" title=\"\" data-rl_title=\"\" class=\"rl-gallery-link\" data-rl_caption=\"\" data-rel=\"lightbox-gallery-1\"><img src=\"https:\/\/www.lafraguadedavid.com\/wp-content\/uploads\/2022\/02\/20190516_160554-300x169.jpg\" width=\"300\" height=\"169\" \/><\/a><\/div><div class=\"rl-gallery-item\"><a href=\"https:\/\/www.lafraguadedavid.com\/wp-content\/uploads\/2022\/02\/20190827_180350.jpg\" title=\"\" data-rl_title=\"\" class=\"rl-gallery-link\" data-rl_caption=\"\" data-rel=\"lightbox-gallery-1\"><img src=\"https:\/\/www.lafraguadedavid.com\/wp-content\/uploads\/2022\/02\/20190827_180350-300x225.jpg\" width=\"300\" height=\"225\" \/><\/a><\/div><div class=\"rl-gallery-item\"><a href=\"https:\/\/www.lafraguadedavid.com\/wp-content\/uploads\/2022\/02\/20200221_124309.jpg\" title=\"\" data-rl_title=\"\" class=\"rl-gallery-link\" data-rl_caption=\"\" data-rel=\"lightbox-gallery-1\"><img src=\"https:\/\/www.lafraguadedavid.com\/wp-content\/uploads\/2022\/02\/20200221_124309-300x225.jpg\" width=\"300\" height=\"225\" \/><\/a><\/div><div class=\"rl-gallery-item\"><a href=\"https:\/\/www.lafraguadedavid.com\/wp-content\/uploads\/2022\/02\/20220203_180315.jpg\" title=\"\" data-rl_title=\"\" class=\"rl-gallery-link\" data-rl_caption=\"\" data-rel=\"lightbox-gallery-1\"><img src=\"https:\/\/www.lafraguadedavid.com\/wp-content\/uploads\/2022\/02\/20220203_180315-300x225.jpg\" width=\"300\" height=\"225\" \/><\/a><\/div><div class=\"rl-gallery-item\"><a href=\"https:\/\/www.lafraguadedavid.com\/wp-content\/uploads\/2022\/02\/20220204_090055.jpg\" title=\"\" data-rl_title=\"\" class=\"rl-gallery-link\" data-rl_caption=\"\" data-rel=\"lightbox-gallery-1\"><img src=\"https:\/\/www.lafraguadedavid.com\/wp-content\/uploads\/2022\/02\/20220204_090055-225x300.jpg\" width=\"225\" height=\"300\" \/><\/a><\/div><div class=\"rl-gallery-item\"><a href=\"https:\/\/www.lafraguadedavid.com\/wp-content\/uploads\/2022\/02\/17062011066.jpg\" title=\"\" data-rl_title=\"\" class=\"rl-gallery-link\" data-rl_caption=\"\" data-rel=\"lightbox-gallery-1\"><img src=\"https:\/\/www.lafraguadedavid.com\/wp-content\/uploads\/2022\/02\/17062011066-168x300.jpg\" width=\"168\" height=\"300\" \/><\/a><\/div><div class=\"rl-gallery-item\"><a href=\"https:\/\/www.lafraguadedavid.com\/wp-content\/uploads\/2022\/02\/CARRO-PARA-BATEAS.jpg\" title=\"\" data-rl_title=\"\" class=\"rl-gallery-link\" data-rl_caption=\"\" data-rel=\"lightbox-gallery-1\"><img src=\"https:\/\/www.lafraguadedavid.com\/wp-content\/uploads\/2022\/02\/CARRO-PARA-BATEAS-300x225.jpg\" width=\"300\" height=\"225\" \/><\/a><\/div><div class=\"rl-gallery-item\"><a href=\"https:\/\/www.lafraguadedavid.com\/wp-content\/uploads\/2022\/02\/DESENRROLLADOR-DE-BOBINAS.jpg\" title=\"\" data-rl_title=\"\" class=\"rl-gallery-link\" data-rl_caption=\"\" data-rel=\"lightbox-gallery-1\"><img src=\"https:\/\/www.lafraguadedavid.com\/wp-content\/uploads\/2022\/02\/DESENRROLLADOR-DE-BOBINAS-300x225.jpg\" width=\"300\" height=\"225\" \/><\/a><\/div><div class=\"rl-gallery-item\"><a href=\"https:\/\/www.lafraguadedavid.com\/wp-content\/uploads\/2022\/02\/IMG_20140403_160437.jpg\" title=\"\" data-rl_title=\"\" class=\"rl-gallery-link\" data-rl_caption=\"\" data-rel=\"lightbox-gallery-1\"><img src=\"https:\/\/www.lafraguadedavid.com\/wp-content\/uploads\/2022\/02\/IMG_20140403_160437-225x300.jpg\" width=\"225\" height=\"300\" \/><\/a><\/div><div class=\"rl-gallery-item\"><a href=\"https:\/\/www.lafraguadedavid.com\/wp-content\/uploads\/2022\/02\/MESA-BARBACOA.jpg\" title=\"\" data-rl_title=\"\" class=\"rl-gallery-link\" data-rl_caption=\"\" data-rel=\"lightbox-gallery-1\"><img src=\"https:\/\/www.lafraguadedavid.com\/wp-content\/uploads\/2022\/02\/MESA-BARBACOA-300x225.jpg\" width=\"300\" height=\"225\" \/><\/a><\/div><div class=\"rl-gallery-item\"><a href=\"https:\/\/www.lafraguadedavid.com\/wp-content\/uploads\/2022\/02\/MESA-BARBACOA-2.jpg\" title=\"\" data-rl_title=\"\" class=\"rl-gallery-link\" data-rl_caption=\"\" data-rel=\"lightbox-gallery-1\"><img src=\"https:\/\/www.lafraguadedavid.com\/wp-content\/uploads\/2022\/02\/MESA-BARBACOA-2-300x225.jpg\" width=\"300\" height=\"225\" \/><\/a><\/div><div class=\"rl-gallery-item\"><a href=\"https:\/\/www.lafraguadedavid.com\/wp-content\/uploads\/2022\/02\/MESA-BARBACOA3.jpg\" title=\"\" data-rl_title=\"\" class=\"rl-gallery-link\" data-rl_caption=\"\" data-rel=\"lightbox-gallery-1\"><img src=\"https:\/\/www.lafraguadedavid.com\/wp-content\/uploads\/2022\/02\/MESA-BARBACOA3-300x225.jpg\" width=\"300\" height=\"225\" \/><\/a><\/div><div class=\"rl-gallery-item\"><a href=\"https:\/\/www.lafraguadedavid.com\/wp-content\/uploads\/2022\/02\/P.jpg\" title=\"\" data-rl_title=\"\" class=\"rl-gallery-link\" data-rl_caption=\"\" data-rel=\"lightbox-gallery-1\"><img src=\"https:\/\/www.lafraguadedavid.com\/wp-content\/uploads\/2022\/02\/P-225x300.jpg\" width=\"225\" height=\"300\" \/><\/a><\/div><div class=\"rl-gallery-item\"><a href=\"https:\/\/www.lafraguadedavid.com\/wp-content\/uploads\/2022\/02\/soporte-4.jpg\" title=\"\" data-rl_title=\"\" class=\"rl-gallery-link\" data-rl_caption=\"\" data-rel=\"lightbox-gallery-1\"><img src=\"https:\/\/www.lafraguadedavid.com\/wp-content\/uploads\/2022\/02\/soporte-4-300x225.jpg\" width=\"300\" height=\"225\" \/><\/a><\/div><div class=\"rl-gallery-item\"><a href=\"https:\/\/www.lafraguadedavid.com\/wp-content\/uploads\/2022\/02\/20160513_182859.jpg\" title=\"\" data-rl_title=\"\" class=\"rl-gallery-link\" data-rl_caption=\"\" data-rel=\"lightbox-gallery-1\"><img src=\"https:\/\/www.lafraguadedavid.com\/wp-content\/uploads\/2022\/02\/20160513_182859-300x169.jpg\" width=\"300\" height=\"169\" \/><\/a><\/div><div class=\"rl-gallery-item\"><a href=\"https:\/\/www.lafraguadedavid.com\/wp-content\/uploads\/2022\/02\/20180503_185705.jpg\" title=\"\" data-rl_title=\"\" class=\"rl-gallery-link\" data-rl_caption=\"\" data-rel=\"lightbox-gallery-1\"><img src=\"https:\/\/www.lafraguadedavid.com\/wp-content\/uploads\/2022\/02\/20180503_185705-300x225.jpg\" width=\"300\" height=\"225\" \/><\/a><\/div><div class=\"rl-gallery-item\"><a href=\"https:\/\/www.lafraguadedavid.com\/wp-content\/uploads\/2022\/02\/IMG-20180503-WA0027.jpg\" title=\"\" data-rl_title=\"\" class=\"rl-gallery-link\" data-rl_caption=\"\" data-rel=\"lightbox-gallery-1\"><img src=\"https:\/\/www.lafraguadedavid.com\/wp-content\/uploads\/2022\/02\/IMG-20180503-WA0027-300x169.jpg\" width=\"300\" height=\"169\" \/><\/a><\/div><div class=\"rl-gallery-item\"><a href=\"https:\/\/www.lafraguadedavid.com\/wp-content\/uploads\/2022\/02\/IMG-20180503-WA0028.jpg\" title=\"\" data-rl_title=\"\" class=\"rl-gallery-link\" data-rl_caption=\"\" data-rel=\"lightbox-gallery-1\"><img src=\"https:\/\/www.lafraguadedavid.com\/wp-content\/uploads\/2022\/02\/IMG-20180503-WA0028-300x169.jpg\" width=\"300\" height=\"169\" \/><\/a><\/div><div class=\"rl-gallery-item\"><a href=\"https:\/\/www.lafraguadedavid.com\/wp-content\/uploads\/2022\/02\/IMG-20180503-WA0029.jpg\" title=\"\" data-rl_title=\"\" class=\"rl-gallery-link\" data-rl_caption=\"\" data-rel=\"lightbox-gallery-1\"><img src=\"https:\/\/www.lafraguadedavid.com\/wp-content\/uploads\/2022\/02\/IMG-20180503-WA0029-169x300.jpg\" width=\"169\" height=\"300\" \/><\/a><\/div><div class=\"rl-gallery-item\"><a href=\"https:\/\/www.lafraguadedavid.com\/wp-content\/uploads\/2022\/02\/IMG-20180503-WA0030.jpg\" title=\"\" data-rl_title=\"\" class=\"rl-gallery-link\" data-rl_caption=\"\" data-rel=\"lightbox-gallery-1\"><img src=\"https:\/\/www.lafraguadedavid.com\/wp-content\/uploads\/2022\/02\/IMG-20180503-WA0030-169x300.jpg\" width=\"169\" height=\"300\" \/><\/a><\/div><div class=\"rl-gallery-item\"><a href=\"https:\/\/www.lafraguadedavid.com\/wp-content\/uploads\/2022\/02\/20180410_203139.jpg\" title=\"\" data-rl_title=\"\" class=\"rl-gallery-link\" data-rl_caption=\"\" data-rel=\"lightbox-gallery-1\"><img src=\"https:\/\/www.lafraguadedavid.com\/wp-content\/uploads\/2022\/02\/20180410_203139-300x225.jpg\" width=\"300\" height=\"225\" \/><\/a><\/div><div class=\"rl-gallery-item\"><a href=\"https:\/\/www.lafraguadedavid.com\/wp-content\/uploads\/2022\/02\/Fotos_David_Planchaitor-40-scaled.jpg\" title=\"\" data-rl_title=\"\" class=\"rl-gallery-link\" data-rl_caption=\"\" data-rel=\"lightbox-gallery-1\"><img src=\"https:\/\/www.lafraguadedavid.com\/wp-content\/uploads\/2022\/02\/Fotos_David_Planchaitor-40-300x200.jpg\" width=\"300\" height=\"200\" \/><\/a><\/div><div class=\"rl-gallery-item\"><a href=\"https:\/\/www.lafraguadedavid.com\/wp-content\/uploads\/2022\/02\/IMG_20140806_205254.jpg\" title=\"\" data-rl_title=\"\" class=\"rl-gallery-link\" data-rl_caption=\"\" data-rel=\"lightbox-gallery-1\"><img src=\"https:\/\/www.lafraguadedavid.com\/wp-content\/uploads\/2022\/02\/IMG_20140806_205254-300x225.jpg\" width=\"300\" height=\"225\" \/><\/a><\/div><div class=\"rl-gallery-item\"><a href=\"https:\/\/www.lafraguadedavid.com\/wp-content\/uploads\/2022\/02\/IMG_20140807_205028.jpg\" title=\"\" data-rl_title=\"\" class=\"rl-gallery-link\" data-rl_caption=\"\" data-rel=\"lightbox-gallery-1\"><img src=\"https:\/\/www.lafraguadedavid.com\/wp-content\/uploads\/2022\/02\/IMG_20140807_205028-300x225.jpg\" width=\"300\" height=\"225\" \/><\/a><\/div><div class=\"rl-gallery-item\"><a href=\"https:\/\/www.lafraguadedavid.com\/wp-content\/uploads\/2022\/02\/20220204_100317.jpg\" title=\"\" data-rl_title=\"\" class=\"rl-gallery-link\" data-rl_caption=\"\" data-rel=\"lightbox-gallery-1\"><img src=\"https:\/\/www.lafraguadedavid.com\/wp-content\/uploads\/2022\/02\/20220204_100317-300x225.jpg\" width=\"300\" height=\"225\" \/><\/a><\/div><div class=\"rl-gallery-item\"><a href=\"https:\/\/www.lafraguadedavid.com\/wp-content\/uploads\/2022\/02\/20220204_100334.jpg\" title=\"\" data-rl_title=\"\" class=\"rl-gallery-link\" data-rl_caption=\"\" data-rel=\"lightbox-gallery-1\"><img src=\"https:\/\/www.lafraguadedavid.com\/wp-content\/uploads\/2022\/02\/20220204_100334-300x225.jpg\" width=\"300\" height=\"225\" \/><\/a><\/div> <\/div> <\/div>\n\n\n\n<p>Tambi\u00e9n podemos gestionar la formaci\u00f3n no reglada para futuros trabajadores del metal.\u00a0 \u00a0\u00a0\u00a0<\/p>\n","protected":false},"excerpt":{"rendered":"<p>LO QUE IMAGINES Y M\u00c1S Lo dice la expresi\u00f3n, traednos la idea y os lo podemos realizar. Tambi\u00e9n podemos gestionar la formaci\u00f3n no reglada para futuros trabajadores del metal.\u00a0 \u00a0\u00a0\u00a0<\/p>\n","protected":false},"author":1,"featured_media":0,"parent":0,"menu_order":0,"comment_status":"closed","ping_status":"closed","template":"","meta":[],"blocksy_meta":{"styles_descriptor":{"styles":{"desktop":"","tablet":"","mobile":""},"google_fonts":[],"version":4}},"yoast_head":"<!-- This site is optimized with the Yoast SEO plugin v18.1 - https:\/\/yoast.com\/wordpress\/plugins\/seo\/ -->\n<title>LO QUE IMAGINES Y M\u00c1S - La Fragua de David<\/title>\n<meta name=\"robots\" content=\"index, follow, max-snippet:-1, max-image-preview:large, max-video-preview:-1\" \/>\n<link rel=\"canonical\" href=\"https:\/\/www.lafraguadedavid.com\/index.php\/lo-que-imagines-y-mas\/\" \/>\n<meta property=\"og:locale\" content=\"es_ES\" \/>\n<meta property=\"og:type\" content=\"article\" \/>\n<meta property=\"og:title\" content=\"LO QUE IMAGINES Y M\u00c1S - La Fragua de David\" \/>\n<meta property=\"og:description\" content=\"LO QUE IMAGINES Y M\u00c1S Lo dice la expresi\u00f3n, traednos la idea y os lo podemos realizar. Tambi\u00e9n podemos gestionar la formaci\u00f3n no reglada para futuros trabajadores del metal.\u00a0 \u00a0\u00a0\u00a0\" \/>\n<meta property=\"og:url\" content=\"https:\/\/www.lafraguadedavid.com\/index.php\/lo-que-imagines-y-mas\/\" \/>\n<meta property=\"og:site_name\" content=\"La Fragua de David\" \/>\n<meta property=\"article:modified_time\" content=\"2022-02-15T17:39:20+00:00\" \/>\n<meta name=\"twitter:card\" content=\"summary_large_image\" \/>\n<meta name=\"twitter:label1\" content=\"Tiempo de lectura\" \/>\n\t<meta name=\"twitter:data1\" content=\"1 minuto\" \/>\n<script type=\"application\/ld+json\" class=\"yoast-schema-graph\">{\"@context\":\"https:\/\/schema.org\",\"@graph\":[{\"@type\":\"WebSite\",\"@id\":\"https:\/\/www.lafraguadedavid.com\/#website\",\"url\":\"https:\/\/www.lafraguadedavid.com\/\",\"name\":\"La Fragua de David\",\"description\":\"\",\"potentialAction\":[{\"@type\":\"SearchAction\",\"target\":{\"@type\":\"EntryPoint\",\"urlTemplate\":\"https:\/\/www.lafraguadedavid.com\/?s={search_term_string}\"},\"query-input\":\"required name=search_term_string\"}],\"inLanguage\":\"es\"},{\"@type\":\"WebPage\",\"@id\":\"https:\/\/www.lafraguadedavid.com\/index.php\/lo-que-imagines-y-mas\/#webpage\",\"url\":\"https:\/\/www.lafraguadedavid.com\/index.php\/lo-que-imagines-y-mas\/\",\"name\":\"LO QUE IMAGINES Y M\u00c1S - La Fragua de David\",\"isPartOf\":{\"@id\":\"https:\/\/www.lafraguadedavid.com\/#website\"},\"datePublished\":\"2022-02-15T17:00:55+00:00\",\"dateModified\":\"2022-02-15T17:39:20+00:00\",\"breadcrumb\":{\"@id\":\"https:\/\/www.lafraguadedavid.com\/index.php\/lo-que-imagines-y-mas\/#breadcrumb\"},\"inLanguage\":\"es\",\"potentialAction\":[{\"@type\":\"ReadAction\",\"target\":[\"https:\/\/www.lafraguadedavid.com\/index.php\/lo-que-imagines-y-mas\/\"]}]},{\"@type\":\"BreadcrumbList\",\"@id\":\"https:\/\/www.lafraguadedavid.com\/index.php\/lo-que-imagines-y-mas\/#breadcrumb\",\"itemListElement\":[{\"@type\":\"ListItem\",\"position\":1,\"name\":\"Portada\",\"item\":\"https:\/\/www.lafraguadedavid.com\/\"},{\"@type\":\"ListItem\",\"position\":2,\"name\":\"LO QUE IMAGINES Y M\u00c1S\"}]}]}<\/script>\n<!-- \/ Yoast SEO plugin. -->","yoast_head_json":{"title":"LO QUE IMAGINES Y M\u00c1S - La Fragua de David","robots":{"index":"index","follow":"follow","max-snippet":"max-snippet:-1","max-image-preview":"max-image-preview:large","max-video-preview":"max-video-preview:-1"},"canonical":"https:\/\/www.lafraguadedavid.com\/index.php\/lo-que-imagines-y-mas\/","og_locale":"es_ES","og_type":"article","og_title":"LO QUE IMAGINES Y M\u00c1S - La Fragua de David","og_description":"LO QUE IMAGINES Y M\u00c1S Lo dice la expresi\u00f3n, traednos la idea y os lo podemos realizar. Tambi\u00e9n podemos gestionar la formaci\u00f3n no reglada para futuros trabajadores del metal.\u00a0 \u00a0\u00a0\u00a0","og_url":"https:\/\/www.lafraguadedavid.com\/index.php\/lo-que-imagines-y-mas\/","og_site_name":"La Fragua de David","article_modified_time":"2022-02-15T17:39:20+00:00","twitter_card":"summary_large_image","twitter_misc":{"Tiempo de lectura":"1 minuto"},"schema":{"@context":"https:\/\/schema.org","@graph":[{"@type":"WebSite","@id":"https:\/\/www.lafraguadedavid.com\/#website","url":"https:\/\/www.lafraguadedavid.com\/","name":"La Fragua de David","description":"","potentialAction":[{"@type":"SearchAction","target":{"@type":"EntryPoint","urlTemplate":"https:\/\/www.lafraguadedavid.com\/?s={search_term_string}"},"query-input":"required name=search_term_string"}],"inLanguage":"es"},{"@type":"WebPage","@id":"https:\/\/www.lafraguadedavid.com\/index.php\/lo-que-imagines-y-mas\/#webpage","url":"https:\/\/www.lafraguadedavid.com\/index.php\/lo-que-imagines-y-mas\/","name":"LO QUE IMAGINES Y M\u00c1S - La Fragua de David","isPartOf":{"@id":"https:\/\/www.lafraguadedavid.com\/#website"},"datePublished":"2022-02-15T17:00:55+00:00","dateModified":"2022-02-15T17:39:20+00:00","breadcrumb":{"@id":"https:\/\/www.lafraguadedavid.com\/index.php\/lo-que-imagines-y-mas\/#breadcrumb"},"inLanguage":"es","potentialAction":[{"@type":"ReadAction","target":["https:\/\/www.lafraguadedavid.com\/index.php\/lo-que-imagines-y-mas\/"]}]},{"@type":"BreadcrumbList","@id":"https:\/\/www.lafraguadedavid.com\/index.php\/lo-que-imagines-y-mas\/#breadcrumb","itemListElement":[{"@type":"ListItem","position":1,"name":"Portada","item":"https:\/\/www.lafraguadedavid.com\/"},{"@type":"ListItem","position":2,"name":"LO QUE IMAGINES Y M\u00c1S"}]}]}},"_links":{"self":[{"href":"https:\/\/www.lafraguadedavid.com\/index.php\/wp-json\/wp\/v2\/pages\/417"}],"collection":[{"href":"https:\/\/www.lafraguadedavid.com\/index.php\/wp-json\/wp\/v2\/pages"}],"about":[{"href":"https:\/\/www.lafraguadedavid.com\/index.php\/wp-json\/wp\/v2\/types\/page"}],"author":[{"embeddable":true,"href":"https:\/\/www.lafraguadedavid.com\/index.php\/wp-json\/wp\/v2\/users\/1"}],"replies":[{"embeddable":true,"href":"https:\/\/www.lafraguadedavid.com\/index.php\/wp-json\/wp\/v2\/comments?post=417"}],"version-history":[{"count":2,"href":"https:\/\/www.lafraguadedavid.com\/index.php\/wp-json\/wp\/v2\/pages\/417\/revisions"}],"predecessor-version":[{"id":585,"href":"https:\/\/www.lafraguadedavid.com\/index.php\/wp-json\/wp\/v2\/pages\/417\/revisions\/585"}],"wp:attachment":[{"href":"https:\/\/www.lafraguadedavid.com\/index.php\/wp-json\/wp\/v2\/media?parent=417"}],"curies":[{"name":"wp","href":"https:\/\/api.w.org\/{rel}","templated":true}]}}