
{"id":720,"date":"2022-02-17T09:53:51","date_gmt":"2022-02-17T09:53:51","guid":{"rendered":"https:\/\/www.lafraguadedavid.com\/?post_type=product&#038;p=720"},"modified":"2022-02-17T09:53:51","modified_gmt":"2022-02-17T09:53:51","slug":"protector-de-maletero","status":"publish","type":"product","link":"https:\/\/www.lafraguadedavid.com\/index.php\/producto\/protector-de-maletero\/","title":{"rendered":"Protector de Maletero"},"content":{"rendered":"<p>Protector de maletero, para evitar da\u00f1os en la tapicer\u00eda del maletero a la hora de transportar cualquier objeto, tipo herramientas de trabajo. Fabricaci\u00f3n a medida y elecci\u00f3n del cliente.<\/p>\n","protected":false},"excerpt":{"rendered":"<p>Protector de maletero, para evitar da\u00f1os en la tapicer\u00eda del maletero a la hora de transportar cualquier objeto, tipo herramientas de trabajo. Fabricaci\u00f3n a medida y elecci\u00f3n del cliente.<\/p>\n","protected":false},"featured_media":711,"comment_status":"open","ping_status":"closed","template":"","meta":[],"product_cat":[20],"product_tag":[],"yoast_head":"<!-- This site is optimized with the Yoast SEO plugin v18.1 - https:\/\/yoast.com\/wordpress\/plugins\/seo\/ -->\n<title>Protector de Maletero - La Fragua de David<\/title>\n<meta name=\"description\" content=\"Protector de maletero, para evitar da\u00f1os en la tapicer\u00eda del maletero a la hora de transportar cualquier objeto, tipo herramientas de trabajo. Fabricaci\u00f3n a medida y elecci\u00f3n del cliente.\" \/>\n<meta name=\"robots\" content=\"index, follow, max-snippet:-1, max-image-preview:large, max-video-preview:-1\" \/>\n<link rel=\"canonical\" href=\"https:\/\/www.lafraguadedavid.com\/index.php\/producto\/protector-de-maletero\/\" \/>\n<meta property=\"og:locale\" content=\"es_ES\" \/>\n<meta property=\"og:type\" content=\"article\" \/>\n<meta property=\"og:title\" content=\"Protector de Maletero - La Fragua de David\" \/>\n<meta property=\"og:description\" content=\"Protector de maletero, para evitar da\u00f1os en la tapicer\u00eda del maletero a la hora de transportar cualquier objeto, tipo herramientas de trabajo. Fabricaci\u00f3n a medida y elecci\u00f3n del cliente.\" \/>\n<meta property=\"og:url\" content=\"https:\/\/www.lafraguadedavid.com\/index.php\/producto\/protector-de-maletero\/\" \/>\n<meta property=\"og:site_name\" content=\"La Fragua de David\" \/>\n<meta property=\"og:image\" content=\"https:\/\/www.lafraguadedavid.com\/wp-content\/uploads\/2022\/02\/IMG_20140807_162017.jpg\" \/>\n\t<meta property=\"og:image:width\" content=\"1632\" \/>\n\t<meta property=\"og:image:height\" content=\"1224\" \/>\n\t<meta property=\"og:image:type\" content=\"image\/jpeg\" \/>\n<meta name=\"twitter:card\" content=\"summary_large_image\" \/>\n<meta name=\"twitter:label1\" content=\"Tiempo de lectura\" \/>\n\t<meta name=\"twitter:data1\" content=\"1 minuto\" \/>\n<script type=\"application\/ld+json\" class=\"yoast-schema-graph\">{\"@context\":\"https:\/\/schema.org\",\"@graph\":[{\"@type\":\"WebSite\",\"@id\":\"https:\/\/www.lafraguadedavid.com\/#website\",\"url\":\"https:\/\/www.lafraguadedavid.com\/\",\"name\":\"La Fragua de David\",\"description\":\"\",\"potentialAction\":[{\"@type\":\"SearchAction\",\"target\":{\"@type\":\"EntryPoint\",\"urlTemplate\":\"https:\/\/www.lafraguadedavid.com\/?s={search_term_string}\"},\"query-input\":\"required name=search_term_string\"}],\"inLanguage\":\"es\"},{\"@type\":\"ImageObject\",\"@id\":\"https:\/\/www.lafraguadedavid.com\/index.php\/producto\/protector-de-maletero\/#primaryimage\",\"inLanguage\":\"es\",\"url\":\"https:\/\/www.lafraguadedavid.com\/wp-content\/uploads\/2022\/02\/IMG_20140807_162017.jpg\",\"contentUrl\":\"https:\/\/www.lafraguadedavid.com\/wp-content\/uploads\/2022\/02\/IMG_20140807_162017.jpg\",\"width\":1632,\"height\":1224},{\"@type\":\"WebPage\",\"@id\":\"https:\/\/www.lafraguadedavid.com\/index.php\/producto\/protector-de-maletero\/#webpage\",\"url\":\"https:\/\/www.lafraguadedavid.com\/index.php\/producto\/protector-de-maletero\/\",\"name\":\"Protector de Maletero - La Fragua de David\",\"isPartOf\":{\"@id\":\"https:\/\/www.lafraguadedavid.com\/#website\"},\"primaryImageOfPage\":{\"@id\":\"https:\/\/www.lafraguadedavid.com\/index.php\/producto\/protector-de-maletero\/#primaryimage\"},\"datePublished\":\"2022-02-17T09:53:51+00:00\",\"dateModified\":\"2022-02-17T09:53:51+00:00\",\"description\":\"Protector de maletero, para evitar da\u00f1os en la tapicer\u00eda del maletero a la hora de transportar cualquier objeto, tipo herramientas de trabajo. Fabricaci\u00f3n a medida y elecci\u00f3n del cliente.\",\"breadcrumb\":{\"@id\":\"https:\/\/www.lafraguadedavid.com\/index.php\/producto\/protector-de-maletero\/#breadcrumb\"},\"inLanguage\":\"es\",\"potentialAction\":[{\"@type\":\"ReadAction\",\"target\":[\"https:\/\/www.lafraguadedavid.com\/index.php\/producto\/protector-de-maletero\/\"]}]},{\"@type\":\"BreadcrumbList\",\"@id\":\"https:\/\/www.lafraguadedavid.com\/index.php\/producto\/protector-de-maletero\/#breadcrumb\",\"itemListElement\":[{\"@type\":\"ListItem\",\"position\":1,\"name\":\"Portada\",\"item\":\"https:\/\/www.lafraguadedavid.com\/\"},{\"@type\":\"ListItem\",\"position\":2,\"name\":\"TIENDA ONLINE\",\"item\":\"https:\/\/www.lafraguadedavid.com\/index.php\/tienda-online\/\"},{\"@type\":\"ListItem\",\"position\":3,\"name\":\"Protector de Maletero\"}]}]}<\/script>\n<!-- \/ Yoast SEO plugin. -->","yoast_head_json":{"title":"Protector de Maletero - La Fragua de David","description":"Protector de maletero, para evitar da\u00f1os en la tapicer\u00eda del maletero a la hora de transportar cualquier objeto, tipo herramientas de trabajo. Fabricaci\u00f3n a medida y elecci\u00f3n del cliente.","robots":{"index":"index","follow":"follow","max-snippet":"max-snippet:-1","max-image-preview":"max-image-preview:large","max-video-preview":"max-video-preview:-1"},"canonical":"https:\/\/www.lafraguadedavid.com\/index.php\/producto\/protector-de-maletero\/","og_locale":"es_ES","og_type":"article","og_title":"Protector de Maletero - La Fragua de David","og_description":"Protector de maletero, para evitar da\u00f1os en la tapicer\u00eda del maletero a la hora de transportar cualquier objeto, tipo herramientas de trabajo. Fabricaci\u00f3n a medida y elecci\u00f3n del cliente.","og_url":"https:\/\/www.lafraguadedavid.com\/index.php\/producto\/protector-de-maletero\/","og_site_name":"La Fragua de David","og_image":[{"width":1632,"height":1224,"url":"https:\/\/www.lafraguadedavid.com\/wp-content\/uploads\/2022\/02\/IMG_20140807_162017.jpg","type":"image\/jpeg"}],"twitter_card":"summary_large_image","twitter_misc":{"Tiempo de lectura":"1 minuto"},"schema":{"@context":"https:\/\/schema.org","@graph":[{"@type":"WebSite","@id":"https:\/\/www.lafraguadedavid.com\/#website","url":"https:\/\/www.lafraguadedavid.com\/","name":"La Fragua de David","description":"","potentialAction":[{"@type":"SearchAction","target":{"@type":"EntryPoint","urlTemplate":"https:\/\/www.lafraguadedavid.com\/?s={search_term_string}"},"query-input":"required name=search_term_string"}],"inLanguage":"es"},{"@type":"ImageObject","@id":"https:\/\/www.lafraguadedavid.com\/index.php\/producto\/protector-de-maletero\/#primaryimage","inLanguage":"es","url":"https:\/\/www.lafraguadedavid.com\/wp-content\/uploads\/2022\/02\/IMG_20140807_162017.jpg","contentUrl":"https:\/\/www.lafraguadedavid.com\/wp-content\/uploads\/2022\/02\/IMG_20140807_162017.jpg","width":1632,"height":1224},{"@type":"WebPage","@id":"https:\/\/www.lafraguadedavid.com\/index.php\/producto\/protector-de-maletero\/#webpage","url":"https:\/\/www.lafraguadedavid.com\/index.php\/producto\/protector-de-maletero\/","name":"Protector de Maletero - La Fragua de David","isPartOf":{"@id":"https:\/\/www.lafraguadedavid.com\/#website"},"primaryImageOfPage":{"@id":"https:\/\/www.lafraguadedavid.com\/index.php\/producto\/protector-de-maletero\/#primaryimage"},"datePublished":"2022-02-17T09:53:51+00:00","dateModified":"2022-02-17T09:53:51+00:00","description":"Protector de maletero, para evitar da\u00f1os en la tapicer\u00eda del maletero a la hora de transportar cualquier objeto, tipo herramientas de trabajo. Fabricaci\u00f3n a medida y elecci\u00f3n del cliente.","breadcrumb":{"@id":"https:\/\/www.lafraguadedavid.com\/index.php\/producto\/protector-de-maletero\/#breadcrumb"},"inLanguage":"es","potentialAction":[{"@type":"ReadAction","target":["https:\/\/www.lafraguadedavid.com\/index.php\/producto\/protector-de-maletero\/"]}]},{"@type":"BreadcrumbList","@id":"https:\/\/www.lafraguadedavid.com\/index.php\/producto\/protector-de-maletero\/#breadcrumb","itemListElement":[{"@type":"ListItem","position":1,"name":"Portada","item":"https:\/\/www.lafraguadedavid.com\/"},{"@type":"ListItem","position":2,"name":"TIENDA ONLINE","item":"https:\/\/www.lafraguadedavid.com\/index.php\/tienda-online\/"},{"@type":"ListItem","position":3,"name":"Protector de Maletero"}]}]}},"_links":{"self":[{"href":"https:\/\/www.lafraguadedavid.com\/index.php\/wp-json\/wp\/v2\/product\/720"}],"collection":[{"href":"https:\/\/www.lafraguadedavid.com\/index.php\/wp-json\/wp\/v2\/product"}],"about":[{"href":"https:\/\/www.lafraguadedavid.com\/index.php\/wp-json\/wp\/v2\/types\/product"}],"replies":[{"embeddable":true,"href":"https:\/\/www.lafraguadedavid.com\/index.php\/wp-json\/wp\/v2\/comments?post=720"}],"wp:featuredmedia":[{"embeddable":true,"href":"https:\/\/www.lafraguadedavid.com\/index.php\/wp-json\/wp\/v2\/media\/711"}],"wp:attachment":[{"href":"https:\/\/www.lafraguadedavid.com\/index.php\/wp-json\/wp\/v2\/media?parent=720"}],"wp:term":[{"taxonomy":"product_cat","embeddable":true,"href":"https:\/\/www.lafraguadedavid.com\/index.php\/wp-json\/wp\/v2\/product_cat?post=720"},{"taxonomy":"product_tag","embeddable":true,"href":"https:\/\/www.lafraguadedavid.com\/index.php\/wp-json\/wp\/v2\/product_tag?post=720"}],"curies":[{"name":"wp","href":"https:\/\/api.w.org\/{rel}","templated":true}]}}